{"id":22468,"date":"2025-06-17T09:45:37","date_gmt":"2025-06-17T07:45:37","guid":{"rendered":"https:\/\/lncmi.cnrs.fr\/?page_id=22468"},"modified":"2025-06-18T17:28:01","modified_gmt":"2025-06-18T15:28:01","slug":"vignolles-david","status":"publish","type":"page","link":"https:\/\/lncmi.cnrs.fr\/en\/vignolles-david\/","title":{"rendered":"VIGNOLLES David"},"content":{"rendered":"<p>[et_pb_section fb_built=&#8221;1&#8243; _builder_version=&#8221;4.16&#8243; custom_padding=&#8221;||0px|||&#8221; global_colors_info=&#8221;{}&#8221;][\/et_pb_section][et_pb_section fb_built=&#8221;1&#8243; _builder_version=&#8221;4.27.2&#8243; _module_preset=&#8221;default&#8221; locked=&#8221;off&#8221; global_colors_info=&#8221;{}&#8221;][et_pb_row column_structure=&#8221;1_3,2_3&#8243; _builder_version=&#8221;4.27.4&#8243; background_size=&#8221;initial&#8221; background_position=&#8221;top_left&#8221; background_repeat=&#8221;repeat&#8221; custom_margin=&#8221;||30px||false|false&#8221; box_shadow_style=&#8221;preset3&#8243; locked=&#8221;off&#8221; global_colors_info=&#8221;{}&#8221;][et_pb_column type=&#8221;1_3&#8243; _builder_version=&#8221;4.27.4&#8243; _module_preset=&#8221;default&#8221; global_colors_info=&#8221;{}&#8221;][et_pb_image src=&#8221;https:\/\/lncmi.cnrs.fr\/wp-content\/uploads\/2024\/09\/david2-rotated-e1583511464563-225&#215;300-1.jpg&#8221; title_text=&#8221;david2-rotated-e1583511464563-225&#215;300&#8243; _builder_version=&#8221;4.27.4&#8243; _module_preset=&#8221;default&#8221; width=&#8221;73.2%&#8221; global_colors_info=&#8221;{}&#8221;][\/et_pb_image][\/et_pb_column][et_pb_column type=&#8221;2_3&#8243; _builder_version=&#8221;4.27.4&#8243; _module_preset=&#8221;default&#8221; global_colors_info=&#8221;{}&#8221;][et_pb_text _builder_version=&#8221;4.27.4&#8243; _module_preset=&#8221;default&#8221; text_font_size=&#8221;20px&#8221; min_height=&#8221;42px&#8221; custom_margin=&#8221;||||false|false&#8221; custom_padding=&#8221;||0px|||&#8221; global_colors_info=&#8221;{}&#8221;]<\/p>\n<h2>David VIGNOLLES<\/h2>\n<p>&nbsp;<\/p>\n<p>[\/et_pb_text][\/et_pb_column][\/et_pb_row][et_pb_row column_structure=&#8221;1_2,1_2&#8243; _builder_version=&#8221;4.27.2&#8243; _module_preset=&#8221;default&#8221; use_background_color_gradient=&#8221;on&#8221; background_color_gradient_stops=&#8221;rgba(43,135,218,0.13) 0%|rgba(41,196,169,0.1) 100%&#8221; custom_margin=&#8221;||||false|false&#8221; custom_padding=&#8221;20px|20px|20px|20px|false|false&#8221; border_color_all=&#8221;RGBA(255,255,255,0)&#8221; border_width_top=&#8221;1px&#8221; box_shadow_style=&#8221;preset3&#8243; global_colors_info=&#8221;{}&#8221;][et_pb_column type=&#8221;1_2&#8243; _builder_version=&#8221;4.26.0&#8243; _module_preset=&#8221;default&#8221; global_colors_info=&#8221;{}&#8221;][et_pb_text _builder_version=&#8221;4.27.4&#8243; _module_preset=&#8221;default&#8221; global_colors_info=&#8221;{}&#8221;][\/et_pb_text][\/et_pb_column][et_pb_column type=&#8221;1_2&#8243; _builder_version=&#8221;4.27.4&#8243; _module_preset=&#8221;default&#8221; global_colors_info=&#8221;{}&#8221;][\/et_pb_column][\/et_pb_row][et_pb_row _builder_version=&#8221;4.27.2&#8243; _module_preset=&#8221;default&#8221; global_colors_info=&#8221;{}&#8221;][et_pb_column type=&#8221;4_4&#8243; _builder_version=&#8221;4.27.2&#8243; _module_preset=&#8221;default&#8221; global_colors_info=&#8221;{}&#8221;][et_pb_toggle title=&#8221;Selected publications&#8221; _builder_version=&#8221;4.27.4&#8243; _module_preset=&#8221;default&#8221; global_colors_info=&#8221;{}&#8221;]<\/p>\n<p>xxxxxxxxxxxxxxxxxxxxxxxxxx<\/p>\n<p>xxxxxxxxxxxxxxxxxxxxx<\/p>\n<p>xxxxxxxxxxxxxxxxx<\/p>\n<p>xxxxxxxxxxxxxxxxx<\/p>\n<ul><\/ul>\n<ul><\/ul>\n<ul><\/ul>\n<p>[\/et_pb_toggle][\/et_pb_column][\/et_pb_row][\/et_pb_section]<\/p>\n","protected":false},"excerpt":{"rendered":"<p>David VIGNOLLES &nbsp;xxxxxxxxxxxxxxxxxxxxxxxxxx xxxxxxxxxxxxxxxxxxxxx xxxxxxxxxxxxxxxxx xxxxxxxxxxxxxxxxx<\/p>\n","protected":false},"author":1,"featured_media":0,"parent":0,"menu_order":0,"comment_status":"closed","ping_status":"closed","template":"","meta":{"_et_pb_use_builder":"on","_et_pb_old_content":"<!-- wp:media-text {\"mediaId\":10316,\"mediaLink\":\"https:\/\/lncmi.cnrs.fr\/train-cyrille\/attachment\/train-cyrille\/\",\"mediaType\":\"image\",\"mediaWidth\":15} -->\n<div class=\"wp-block-media-text is-stacked-on-mobile\" style=\"grid-template-columns:15% auto\"><figure class=\"wp-block-media-text__media\"><img src=\"https:\/\/lncmi.cnrs.fr\/wp-content\/uploads\/2024\/07\/TRAIN-Cyrille-1024x683.jpg\" alt=\"\" class=\"wp-image-10316 size-full\"\/><\/figure><div class=\"wp-block-media-text__content\"><!-- wp:paragraph {\"placeholder\":\"Contenu\u2026\"} -->\n<p>Professeur \u00e0 l\u2019<a href=\"https:\/\/www.univ-grenoble-alpes.fr\/\" class=\"ek-link\">Universit\u00e9 Grenoble-Alpes<\/a>, Grenoble, France<\/p>\n<!-- \/wp:paragraph --><\/div><\/div>\n<!-- \/wp:media-text -->\n\n<!-- wp:heading -->\n<h2 class=\"wp-block-heading\">Th\u00e9matiques de recherche d\u00e9velopp\u00e9es au LNCMI<\/h2>\n<!-- \/wp:heading -->\n\n<!-- wp:list -->\n<ul><!-- wp:list-item -->\n<li><a href=\"https:\/\/lncmi.cnrs.fr\/non-classifiee\/magnetisme-moleculaire-2\/\" class=\"ek-link\">Magn\u00e9tisme Mol\u00e9culaire<\/a><\/li>\n<!-- \/wp:list-item -->\n\n<!-- wp:list-item -->\n<li><a href=\"https:\/\/lncmi.cnrs.fr\/non-classifiee\/magnetisme-moleculaire\/\" class=\"ek-link\">Chiralit\u00e9 et Magn\u00e9tisme<\/a><\/li>\n<!-- \/wp:list-item --><\/ul>\n<!-- \/wp:list -->\n\n<!-- wp:heading -->\n<h2 class=\"wp-block-heading\">Enseignement<\/h2>\n<!-- \/wp:heading -->\n\n<!-- wp:paragraph -->\n<p>J'effectue une activit\u00e9 d'enseignement vari\u00e9e essentiellement centr\u00e9e sur la chimie de coordination, en lien direct avec mon activit\u00e9 de recherche. Ainsi, j'interviens ou suis intervenu dans les UE suivantes (entre autres !): <\/p>\n<!-- \/wp:paragraph -->\n\n<!-- wp:list -->\n<ul><!-- wp:list-item -->\n<li>Molecular Magnetism au sein de l'<a href=\"https:\/\/master-nanosciences.univ-grenoble-alpes.fr\/molecular-nanomaterials-484406.kjsp?RH=1554915636750\" class=\"ek-link\">UE Molecular Nanomaterials<\/a> du <a href=\"https:\/\/master-nanosciences.univ-grenoble-alpes.fr\/academic-program\/nanochemistry\/\" class=\"ek-link\">M2 Nanochemistry<\/a> <\/li>\n<!-- \/wp:list-item -->\n\n<!-- wp:list-item -->\n<li><a href=\"https:\/\/master-nanosciences.univ-grenoble-alpes.fr\/supramolecular-and-coordination-chemistry-481148.kjsp?RH=1602758212834\" class=\"ek-link\">UE Supramolecular and Coordination Chemistry <\/a>du <a href=\"https:\/\/master-nanosciences.univ-grenoble-alpes.fr\/academic-program\/nanochemistry\/m1-nanochemistry\/m1-nanochemistry-743832.kjsp?RH=1554915636750\" class=\"ek-link\">M1 Nanochemistry<\/a> (responsable)<\/li>\n<!-- \/wp:list-item -->\n\n<!-- wp:list-item -->\n<li><a href=\"https:\/\/master-nanosciences.univ-grenoble-alpes.fr\/molecular-electronics-and-magnetism--484229.kjsp?RH=1602758212834\" class=\"ek-link\">UE Molecular Electronics and Magnetism<\/a>, UE d'ouverture pour les \u00e9tudiants des <a href=\"https:\/\/master-nanosciences.univ-grenoble-alpes.fr\/academic-program\/nanochemistry\/m1-nanochemistry\/m1-nanochemistry-743832.kjsp?RH=1554915636750\" class=\"ek-link\">M1 Nanochemistry<\/a> et <a href=\"https:\/\/master-nanosciences.univ-grenoble-alpes.fr\/academic-program\/nanophysics\/m1-nanophysics-quantum-physics\/m1-nanophysics-quantum-physics-743833.kjsp?RH=1554915506020\" class=\"ek-link\">M1 NPQP<\/a> (co-responsable)<\/li>\n<!-- \/wp:list-item -->\n\n<!-- wp:list-item -->\n<li>UE Chimie de coordination ouvertes en <a href=\"https:\/\/formations.univ-grenoble-alpes.fr\/fr\/catalogue-2021\/licence-XA\/licence-physique-IAI3PBC7\/parcours-physique-chimie-2e-et-3e-annee-IAI4EP94.html\" class=\"ek-link\">L3 Physique-Chimie<\/a>, <a href=\"https:\/\/formations.univ-grenoble-alpes.fr\/fr\/catalogue-2021\/licence-XA\/licence-chimie-IAI8AZVF\/parcours-chimie-2e-et-3e-annee-IFRVVEXG.html\" class=\"ek-link\">L3 Chimie<\/a>, <a href=\"https:\/\/formations.univ-grenoble-alpes.fr\/fr\/catalogue-2021\/licence-XA\/licence-chimie-IAI8AZVF\/parcours-biochimie-2e-et-3e-annee-IFRVW14S.html\" class=\"ek-link\">L3 Chimie-Biologie<\/a><\/li>\n<!-- \/wp:list-item -->\n\n<!-- wp:list-item -->\n<li>UE Chimie Orbitalaire ouvertes en <a href=\"https:\/\/formations.univ-grenoble-alpes.fr\/fr\/catalogue-2021\/licence-XA\/licence-physique-IAI3PBC7\/parcours-physique-chimie-2e-et-3e-annee-IAI4EP94.html\" class=\"ek-link\">L3 Physique-Chimie<\/a>, <a href=\"https:\/\/formations.univ-grenoble-alpes.fr\/fr\/catalogue-2021\/licence-XA\/licence-chimie-IAI8AZVF\/parcours-chimie-2e-et-3e-annee-IFRVVEXG.html\" class=\"ek-link\">L3 Chimie<\/a>, <a href=\"https:\/\/formations.univ-grenoble-alpes.fr\/fr\/catalogue-2021\/licence-XA\/licence-chimie-IAI8AZVF\/parcours-biochimie-2e-et-3e-annee-IFRVW14S.html\" class=\"ek-link\">L3 Chimie-Biologie<\/a><\/li>\n<!-- \/wp:list-item -->\n\n<!-- wp:list-item -->\n<li>UE Thermodynamique et Cin\u00e9tique Chimiques en <a href=\"https:\/\/formations.univ-grenoble-alpes.fr\/fr\/catalogue-2021\/licence-XA\/licence-physique-IAI3PBC7\/parcours-physique-chimie-2e-et-3e-annee-IAI4EP94.html\" class=\"ek-link\">L2 Physique-Chimie<\/a>, <a href=\"https:\/\/formations.univ-grenoble-alpes.fr\/fr\/catalogue-2021\/licence-XA\/licence-chimie-IAI8AZVF\/parcours-chimie-2e-et-3e-annee-IFRVVEXG.html\" class=\"ek-link\">L2 Chimie<\/a>, <a href=\"https:\/\/formations.univ-grenoble-alpes.fr\/fr\/catalogue-2021\/licence-XA\/licence-chimie-IAI8AZVF\/parcours-biochimie-2e-et-3e-annee-IFRVW14S.html\" class=\"ek-link\">L2 Chimie-Biologie<\/a><\/li>\n<!-- \/wp:list-item -->\n\n<!-- wp:list-item -->\n<li>UE Physico-chimie des Solutions Aqueuses ouvertes en <a href=\"https:\/\/formations.univ-grenoble-alpes.fr\/fr\/catalogue-2021\/licence-XA\/licence-physique-IAI3PBC7\/parcours-physique-chimie-2e-et-3e-annee-IAI4EP94.html\">L2 Physique-Chimie<\/a>, <a href=\"https:\/\/formations.univ-grenoble-alpes.fr\/fr\/catalogue-2021\/licence-XA\/licence-chimie-IAI8AZVF\/parcours-chimie-2e-et-3e-annee-IFRVVEXG.html\">L2 Chimie<\/a>, <a href=\"https:\/\/formations.univ-grenoble-alpes.fr\/fr\/catalogue-2021\/licence-XA\/licence-chimie-IAI8AZVF\/parcours-biochimie-2e-et-3e-annee-IFRVW14S.html\">L2 Chimie-Biologie<\/a><\/li>\n<!-- \/wp:list-item --><\/ul>\n<!-- \/wp:list -->\n\n<!-- wp:paragraph -->\n<p>Dans ce cadre, j'ai \u00e9t\u00e9 pendant responsable du parcours <a href=\"https:\/\/master-nanosciences.univ-grenoble-alpes.fr\/academic-program\/nanochemistry\/\" class=\"ek-link\">M2 Nanochemistry<\/a> (2012-2023) et du <a href=\"https:\/\/master-nanosciences.univ-grenoble-alpes.fr\/\" class=\"ek-link\">Master Nanosciences and Nanotechnologies<\/a> (2017-2023). Par son approche mol\u00e9culaire des mat\u00e9riaux, le parcours M1\/M2 Nanochemistry est tout \u00e0 fait adapt\u00e9 aux th\u00e9matiques de recherche que nous d\u00e9veloppons. <br><\/p>\n<!-- \/wp:paragraph -->\n\n<!-- wp:heading -->\n<h2 class=\"wp-block-heading\">Publications<\/h2>\n<!-- \/wp:heading -->\n\n<!-- wp:paragraph -->\n<p><a href=\"https:\/\/hal.science\/search\/index\/?q=LNCMI+Train&amp;rows=30&amp;sort=publicationDate_tdate+desc\" class=\"ek-link\">Publications depuis l'int\u00e9gration de Cyrille Train au LNCMI apparaissant sur HAL<\/a><\/p>\n<!-- \/wp:paragraph -->","_et_gb_content_width":"","footnotes":""},"folder":[5077],"class_list":["post-22468","page","type-page","status-publish","hentry"],"jetpack_sharing_enabled":true,"_links":{"self":[{"href":"https:\/\/lncmi.cnrs.fr\/en\/wp-json\/wp\/v2\/pages\/22468","targetHints":{"allow":["GET"]}}],"collection":[{"href":"https:\/\/lncmi.cnrs.fr\/en\/wp-json\/wp\/v2\/pages"}],"about":[{"href":"https:\/\/lncmi.cnrs.fr\/en\/wp-json\/wp\/v2\/types\/page"}],"author":[{"embeddable":true,"href":"https:\/\/lncmi.cnrs.fr\/en\/wp-json\/wp\/v2\/users\/1"}],"replies":[{"embeddable":true,"href":"https:\/\/lncmi.cnrs.fr\/en\/wp-json\/wp\/v2\/comments?post=22468"}],"version-history":[{"count":0,"href":"https:\/\/lncmi.cnrs.fr\/en\/wp-json\/wp\/v2\/pages\/22468\/revisions"}],"wp:attachment":[{"href":"https:\/\/lncmi.cnrs.fr\/en\/wp-json\/wp\/v2\/media?parent=22468"}],"wp:term":[{"taxonomy":"folder","embeddable":true,"href":"https:\/\/lncmi.cnrs.fr\/en\/wp-json\/wp\/v2\/folder?post=22468"}],"curies":[{"name":"wp","href":"https:\/\/api.w.org\/{rel}","templated":true}]}}