{"id":20913,"date":"2025-05-13T16:54:23","date_gmt":"2025-05-13T14:54:23","guid":{"rendered":"https:\/\/lncmi.cnrs.fr\/?page_id=20913"},"modified":"2025-06-17T12:19:47","modified_gmt":"2025-06-17T10:19:47","slug":"julien-marc-henri","status":"publish","type":"page","link":"https:\/\/lncmi.cnrs.fr\/en\/julien-marc-henri\/","title":{"rendered":"JULIEN Marc-Henri"},"content":{"rendered":"<p>[et_pb_section fb_built=&#8221;1&#8243; _builder_version=&#8221;4.16&#8243; global_colors_info=&#8221;{}&#8221;][et_pb_row column_structure=&#8221;1_3,2_3&#8243; _builder_version=&#8221;4.27.2&#8243; background_size=&#8221;initial&#8221; background_position=&#8221;top_left&#8221; background_repeat=&#8221;repeat&#8221; min_height=&#8221;418px&#8221; custom_margin=&#8221;||30px||false|false&#8221; custom_padding=&#8221;1px|||||&#8221; box_shadow_style=&#8221;preset3&#8243; locked=&#8221;off&#8221; global_colors_info=&#8221;{}&#8221;][et_pb_column type=&#8221;1_3&#8243; _builder_version=&#8221;4.16&#8243; custom_padding=&#8221;|||&#8221; global_colors_info=&#8221;{}&#8221; custom_padding__hover=&#8221;|||&#8221;][et_pb_image src=&#8221;https:\/\/lncmi.cnrs.fr\/wp-content\/uploads\/2025\/05\/Marc-henri_Julien.jpg&#8221; title_text=&#8221;Marc-henri_Julien&#8221; align=&#8221;center&#8221; _builder_version=&#8221;4.27.4&#8243; _module_preset=&#8221;default&#8221; max_width=&#8221;70%&#8221; global_colors_info=&#8221;{}&#8221;][\/et_pb_image][\/et_pb_column][et_pb_column type=&#8221;2_3&#8243; _builder_version=&#8221;4.16&#8243; custom_padding=&#8221;|||&#8221; global_colors_info=&#8221;{}&#8221; custom_padding__hover=&#8221;|||&#8221;][et_pb_text _builder_version=&#8221;4.27.4&#8243; _module_preset=&#8221;default&#8221; min_height=&#8221;54px&#8221; custom_margin=&#8221;-4px||||false|false&#8221; custom_padding=&#8221;||0px|||&#8221; global_colors_info=&#8221;{}&#8221;]<\/p>\n<h1 style=\"text-align: justify\"><strong>Marc-Henri <\/strong><strong>JULIEN\u00a0<\/strong><\/h1>\n<h3 style=\"text-align: left\">CNRS senior researcher at LNCMI, Grenoble, France<\/h3>\n<p>[\/et_pb_text][et_pb_text _builder_version=&#8221;4.27.4&#8243; _module_preset=&#8221;default&#8221; custom_margin=&#8221;-21px|||||&#8221; custom_padding=&#8221;||0px|||&#8221; global_colors_info=&#8221;{}&#8221;]<\/p>\n<p class=\"font_8 wixui-rich-text__text\" style=\"font-size: 16px;line-height: 1.4em\"><span style=\"font-family: avenir-lt-w01_85-heavy1475544,avenir-lt-w05_85-heavy,sans-serif\" class=\"wixui-rich-text__text\"><span style=\"font-weight: bold\" class=\"wixui-rich-text__text\"><span style=\"letter-spacing: normal\" class=\"wixui-rich-text__text\"><span style=\"font-size: 16px\" class=\"wixui-rich-text__text\">Laboratoire <\/span><span style=\"font-size: 16px\" class=\"wixui-rich-text__text\">National des Champs Magn\u00e9tiques Intenses<\/span><span style=\"font-size: 16px\" class=\"wixui-rich-text__text\"> (LNCMI),\u00a0<\/span><\/span><\/span><\/span><span style=\"letter-spacing: normal\" class=\"wixui-rich-text__text\"><span style=\"font-size: 16px\" class=\"wixui-rich-text__text\">CNRS, <\/span><\/span><span style=\"letter-spacing: normal\" class=\"wixui-rich-text__text\"><span style=\"font-size: 16px\" class=\"wixui-rich-text__text\">Grenoble<\/span><span style=\"font-size: 16px\" class=\"wixui-rich-text__text\">, France<\/span><\/span><\/p>\n<p class=\"font_8 wixui-rich-text__text\" style=\"font-size: 16px;line-height: 1.4em\"><span style=\"letter-spacing: normal\" class=\"wixui-rich-text__text\"><span style=\"font-size: 16px\" class=\"wixui-rich-text__text\">Contact: m<\/span><span style=\"font-size: 16px\" class=\"wixui-rich-text__text\">arc-henri.julien at lncmi.cnrs.fr<\/span><\/span><\/p>\n<p class=\"font_8 wixui-rich-text__text\" style=\"font-size: 16px;line-height: 1.4em\"><span style=\"letter-spacing: normal\" class=\"wixui-rich-text__text\"><span style=\"font-size: 16px\" class=\"wixui-rich-text__text\"><span class=\"wixGuard wixui-rich-text__text\">\u200b<\/span><\/span><\/span><\/p>\n<p>&nbsp;<\/p>\n<p style=\"text-align: left\">\n<p>[\/et_pb_text][\/et_pb_column][\/et_pb_row][\/et_pb_section][et_pb_section fb_built=&#8221;1&#8243; _builder_version=&#8221;4.27.2&#8243; _module_preset=&#8221;default&#8221; min_height=&#8221;1395.2px&#8221; locked=&#8221;off&#8221; global_colors_info=&#8221;{}&#8221;][et_pb_row _builder_version=&#8221;4.27.4&#8243; _module_preset=&#8221;default&#8221; background_enable_color=&#8221;off&#8221; custom_margin=&#8221;||||false|false&#8221; custom_padding=&#8221;20px|20px|20px|20px|false|false&#8221; border_color_all=&#8221;RGBA(255,255,255,0)&#8221; border_width_top=&#8221;1px&#8221; box_shadow_style=&#8221;preset3&#8243; global_colors_info=&#8221;{}&#8221;][et_pb_column type=&#8221;4_4&#8243; _builder_version=&#8221;4.26.0&#8243; _module_preset=&#8221;default&#8221; global_colors_info=&#8221;{}&#8221;][et_pb_text _builder_version=&#8221;4.27.4&#8243; _module_preset=&#8221;default&#8221; link_option_url_new_window=&#8221;on&#8221; hover_enabled=&#8221;0&#8243; global_colors_info=&#8221;{}&#8221; sticky_enabled=&#8221;0&#8243;]<\/p>\n<p class=\"font_8 wixui-rich-text__text\" style=\"font-size: 16px\"><span style=\"font-weight: bold\" class=\"wixui-rich-text__text\"><span style=\"font-family: avenir-lt-w01_85-heavy1475544,avenir-lt-w05_85-heavy,sans-serif\" class=\"wixui-rich-text__text\">RESEARCH INTERESTS<\/span><\/span><\/p>\n<p class=\"font_8 wixui-rich-text__text\" style=\"font-size: 16px\">My research focuses on unraveling electronic and magnetic phenomena of solids. Among these, I have extensively investigated unconventional superconductors, low-dimensional conductors (including thermoelectric cobalt oxides, graphite, nickel pnictides), and diverse magnetic systems (quantum spin ladders, frustrated systems, single-molecule magnets, antiferromagnetic spintronics). My primary technique is nuclear magnetic resonance (NMR) that I regularly use in conjunction with extremely intense magnetic fields (up to 45 T) to discover, study and control collective electron behavior including quantum spin liquids, spin-stripe glasses, charge density waves and electron nematic phases. I am particularly interested in the interplay, and the competition, between such phases and superconductivity as well as in the effect of disorder in these systems.<\/p>\n<p>[\/et_pb_text][et_pb_text _builder_version=&#8221;4.27.4&#8243; _module_preset=&#8221;default&#8221; link_option_url_new_window=&#8221;on&#8221; hover_enabled=&#8221;0&#8243; global_colors_info=&#8221;{}&#8221; sticky_enabled=&#8221;0&#8243;]<\/p>\n<p style=\"text-align: left\"><strong>SHORT BIO<\/strong><\/p>\n<p style=\"text-align: left\">2012 \u2013 present: CNRS senior researcher at LNCMI<\/p>\n<p style=\"text-align: left\">2010 \u2013 2012:\u00a0 \u00a0 CNRS researcher at LNCMI<\/p>\n<p style=\"text-align: left\">2004 \u2013 2017:\u00a0 \u00a0 Deputy-director of Ecole de Physique des Houches<\/p>\n<p style=\"text-align: left\">2000 \u2013 2010:\u00a0 \u00a0 CNRS researcher at Laboratoire de Spectrom\u00e9trie Physique, Grenoble<\/p>\n<p style=\"text-align: left\">1998 \u2013 1999:\u00a0 \u00a0 Postdoctoral fellow at Pavia University, Italy and Iowa State University\/Ames National Lab, USA \u2013 Advisor: Ferdinando Borsa<\/p>\n<p style=\"text-align: left\">1994 \u2013 1997\u00a0 \u00a0 \u00a0PhD in Physics, Grenoble University. Supervisors: Claude Berthier &amp; Mladen Horvati\u0107 (LNCMI)<\/p>\n<p class=\"font_8 wixui-rich-text__text\" style=\"line-height: 1.4em;font-size: 16px\">[\/et_pb_text][et_pb_text _builder_version=&#8221;4.27.4&#8243; _module_preset=&#8221;default&#8221; hover_enabled=&#8221;0&#8243; global_colors_info=&#8221;{}&#8221; sticky_enabled=&#8221;0&#8243;]<\/p>\n<h4>Selected publications<\/h4>\n<p><strong><\/strong><\/p>\n<p class=\"font_8 wixui-rich-text__text\" style=\"font-size: 16px\">\u2022 Pseudogap from antiferromagnetic, charge-density wave and spin singlet correlations in cuprates\u00a0 (<a href=\"https:\/\/doi.org\/10.1038\/s41567-024-02692-w\"><span style=\"text-decoration: underline\" class=\"wixui-rich-text__text\">Zhou et al. Nat. Physics 2025<\/span><\/a>)<\/p>\n<p class=\"font_8 wixui-rich-text__text\" style=\"font-size: 16px\">\u2022 Competing orders linked to the pseudogap phase in La-based cuprates (<span style=\"text-decoration: underline\" class=\"wixui-rich-text__text\"><a href=\"https:\/\/doi.org\/10.1038\/s41567-020-0950-5\" target=\"_blank\" rel=\"noreferrer noopener\" class=\"wixui-rich-text__text\">Frachet et al. Nat. Physics 2020<\/a><\/span>)<\/p>\n<p class=\"font_8 wixui-rich-text__text\" style=\"font-size: 16px\">\u2022 Nematic fluctuations locally pinned by quenched disorder in a Fe-based superconductor (<span style=\"text-decoration: underline\" class=\"wixui-rich-text__text\"><a href=\"https:\/\/doi.org\/10.7566\/JPSJ.84.043705\" target=\"_blank\" rel=\"noreferrer noopener\" class=\"wixui-rich-text__text\">Iye et al. J. Phys. Soc. Jpn. 2015<\/a><\/span>)<\/p>\n<p class=\"font_8 wixui-rich-text__text\" style=\"font-size: 16px\">\u2022 Short-range CDW order pinned by disorder in YBCO (<span style=\"text-decoration: underline\" class=\"wixui-rich-text__text\"><a href=\"https:\/\/doi.org\/10.1038\/ncomms7438\" target=\"_blank\" rel=\"noreferrer noopener\" class=\"wixui-rich-text__text\">Wu et al. Nat. Commun. 2015<\/a><\/span>)<\/p>\n<p class=\"font_8 wixui-rich-text__text\" style=\"font-size: 16px\">\u2022 Long-range CDW order emerging from vortex cores in YBCO (<span style=\"text-decoration: underline\" class=\"wixui-rich-text__text\"><a href=\"https:\/\/doi.org\/10.1038\/ncomms3113\" target=\"_blank\" rel=\"noreferrer noopener\" class=\"wixui-rich-text__text\">Wu et al. Nat. Commun. 2013<\/a><\/span>)<\/p>\n<p class=\"font_8 wixui-rich-text__text\" style=\"font-size: 16px\">\u2022 Discovery of a charge-density wave competing with high Tc superconductivity in YBCO (<span style=\"text-decoration: underline\" class=\"wixui-rich-text__text\"><a href=\"https:\/\/doi.org\/10.1038\/nature10345\" target=\"_blank\" rel=\"noreferrer noopener\" class=\"wixui-rich-text__text\">Wu et al. Nature 2011<\/a><\/span>)<\/p>\n<p class=\"font_8 wixui-rich-text__text\" style=\"font-size: 16px\">\u2022 Coexistence of magnetic order and superconductivity in Fe pnictides (<span style=\"text-decoration: underline\" class=\"wixui-rich-text__text\"><a href=\"https:\/\/doi.org\/10.1209\/0295-5075\/87\/37001\" target=\"_blank\" rel=\"noreferrer noopener\" class=\"wixui-rich-text__text\">Julien et al. Europhys. Lett. 2009<\/a><\/span>)<\/p>\n<p class=\"font_8 wixui-rich-text__text\" style=\"font-size: 16px\">\u2022 Coupled ordering of electrons and ionic vacancies in a thermoelectric oxide (<span style=\"text-decoration: underline\" class=\"wixui-rich-text__text\"><a href=\"https:\/\/doi.org\/10.1103\/PhysRevLett.100.096405\" target=\"_blank\" rel=\"noreferrer noopener\" class=\"wixui-rich-text__text\">Julien et al. Phys. Rev. Lett. 2008<\/a><\/span>)<\/p>\n<p class=\"font_8 wixui-rich-text__text\" style=\"font-size: 16px\">\u2022 Formation of antiferromagnetic droplets around non-magnetic impurities in a cuprate superconductor (<span style=\"text-decoration: underline\" class=\"wixui-rich-text__text\"><a href=\"https:\/\/doi.org\/10.1103\/PhysRevLett.84.3422\" target=\"_blank\" rel=\"noreferrer noopener\" class=\"wixui-rich-text__text\">Julien et al. Phys. Rev. Lett. 2000<\/a><\/span>)<\/p>\n<p class=\"font_8 wixui-rich-text__text\" style=\"font-size: 16px\">\u2022 Antiferromagnetic striped glass coexisting with superconductivity in a cuprate (<span style=\"text-decoration: underline\" class=\"wixui-rich-text__text\"><a href=\"https:\/\/doi.org\/10.1103\/PhysRevLett.83.604\" target=\"_blank\" rel=\"noreferrer noopener\" class=\"wixui-rich-text__text\">Julien et al. Phys. Rev. Lett. 1999<\/a><\/span>)<\/p>\n<p class=\"font_8 wixui-rich-text__text\" style=\"font-size: 16px\">\u2022 Gapped-singlet, Luttinger liquid and quantum critical phases of a quantum spin ladder in a magnetic field (<span style=\"text-decoration: underline\" class=\"wixui-rich-text__text\"><a href=\"https:\/\/doi.org\/10.1103\/PhysRevLett.80.2713\" target=\"_blank\" rel=\"noreferrer noopener\" class=\"wixui-rich-text__text\">Chaboussant et al. Phys. Rev. Lett. 1998<\/a><\/span>)<\/p>\n<p class=\"font_8 wixui-rich-text__text\" style=\"font-size: 16px\">\u2022 Connection between magnetic fluctuations, superexchange &amp; superconductivity in high Tc cuprates (<span style=\"text-decoration: underline\" class=\"wixui-rich-text__text\"><a href=\"https:\/\/doi.org\/10.1103\/PhysRevLett.76.4238\" target=\"_blank\" rel=\"noreferrer noopener\" class=\"wixui-rich-text__text\">Julien et al. Phys. Rev. Lett. 1996<\/a><\/span>)<\/p>\n<p>&nbsp;<\/p>\n<p>[\/et_pb_text][\/et_pb_column][\/et_pb_row][\/et_pb_section]<\/p>\n","protected":false},"excerpt":{"rendered":"<p>Marc-Henri JULIEN\u00a0 CNRS senior researcher at LNCMI, Grenoble, FranceLaboratoire National des Champs Magn\u00e9tiques Intenses (LNCMI),\u00a0CNRS, Grenoble, France Contact: marc-henri.julien at lncmi.cnrs.fr \u200b &nbsp; RESEARCH INTERESTS My research focuses on unraveling [&hellip;]<\/p>\n","protected":false},"author":1,"featured_media":0,"parent":0,"menu_order":0,"comment_status":"closed","ping_status":"closed","template":"","meta":{"_et_pb_use_builder":"on","_et_pb_old_content":"<!-- wp:media-text {\"mediaId\":10316,\"mediaLink\":\"https:\/\/lncmi.cnrs.fr\/train-cyrille\/attachment\/train-cyrille\/\",\"mediaType\":\"image\",\"mediaWidth\":15} -->\n<div class=\"wp-block-media-text is-stacked-on-mobile\" style=\"grid-template-columns:15% auto\"><figure class=\"wp-block-media-text__media\"><img src=\"https:\/\/lncmi.cnrs.fr\/wp-content\/uploads\/2024\/07\/TRAIN-Cyrille-1024x683.jpg\" alt=\"\" class=\"wp-image-10316 size-full\"\/><\/figure><div class=\"wp-block-media-text__content\"><!-- wp:paragraph {\"placeholder\":\"Contenu\u2026\"} -->\n<p>Professeur \u00e0 l\u2019<a href=\"https:\/\/www.univ-grenoble-alpes.fr\/\" class=\"ek-link\">Universit\u00e9 Grenoble-Alpes<\/a>, Grenoble, France<\/p>\n<!-- \/wp:paragraph --><\/div><\/div>\n<!-- \/wp:media-text -->\n\n<!-- wp:heading -->\n<h2 class=\"wp-block-heading\">Th\u00e9matiques de recherche d\u00e9velopp\u00e9es au LNCMI<\/h2>\n<!-- \/wp:heading -->\n\n<!-- wp:list -->\n<ul><!-- wp:list-item -->\n<li><a href=\"https:\/\/lncmi.cnrs.fr\/non-classifiee\/magnetisme-moleculaire-2\/\" class=\"ek-link\">Magn\u00e9tisme Mol\u00e9culaire<\/a><\/li>\n<!-- \/wp:list-item -->\n\n<!-- wp:list-item -->\n<li><a href=\"https:\/\/lncmi.cnrs.fr\/non-classifiee\/magnetisme-moleculaire\/\" class=\"ek-link\">Chiralit\u00e9 et Magn\u00e9tisme<\/a><\/li>\n<!-- \/wp:list-item --><\/ul>\n<!-- \/wp:list -->\n\n<!-- wp:heading -->\n<h2 class=\"wp-block-heading\">Enseignement<\/h2>\n<!-- \/wp:heading -->\n\n<!-- wp:paragraph -->\n<p>J'effectue une activit\u00e9 d'enseignement vari\u00e9e essentiellement centr\u00e9e sur la chimie de coordination, en lien direct avec mon activit\u00e9 de recherche. Ainsi, j'interviens ou suis intervenu dans les UE suivantes (entre autres !): <\/p>\n<!-- \/wp:paragraph -->\n\n<!-- wp:list -->\n<ul><!-- wp:list-item -->\n<li>Molecular Magnetism au sein de l'<a href=\"https:\/\/master-nanosciences.univ-grenoble-alpes.fr\/molecular-nanomaterials-484406.kjsp?RH=1554915636750\" class=\"ek-link\">UE Molecular Nanomaterials<\/a> du <a href=\"https:\/\/master-nanosciences.univ-grenoble-alpes.fr\/academic-program\/nanochemistry\/\" class=\"ek-link\">M2 Nanochemistry<\/a> <\/li>\n<!-- \/wp:list-item -->\n\n<!-- wp:list-item -->\n<li><a href=\"https:\/\/master-nanosciences.univ-grenoble-alpes.fr\/supramolecular-and-coordination-chemistry-481148.kjsp?RH=1602758212834\" class=\"ek-link\">UE Supramolecular and Coordination Chemistry <\/a>du <a href=\"https:\/\/master-nanosciences.univ-grenoble-alpes.fr\/academic-program\/nanochemistry\/m1-nanochemistry\/m1-nanochemistry-743832.kjsp?RH=1554915636750\" class=\"ek-link\">M1 Nanochemistry<\/a> (responsable)<\/li>\n<!-- \/wp:list-item -->\n\n<!-- wp:list-item -->\n<li><a href=\"https:\/\/master-nanosciences.univ-grenoble-alpes.fr\/molecular-electronics-and-magnetism--484229.kjsp?RH=1602758212834\" class=\"ek-link\">UE Molecular Electronics and Magnetism<\/a>, UE d'ouverture pour les \u00e9tudiants des <a href=\"https:\/\/master-nanosciences.univ-grenoble-alpes.fr\/academic-program\/nanochemistry\/m1-nanochemistry\/m1-nanochemistry-743832.kjsp?RH=1554915636750\" class=\"ek-link\">M1 Nanochemistry<\/a> et <a href=\"https:\/\/master-nanosciences.univ-grenoble-alpes.fr\/academic-program\/nanophysics\/m1-nanophysics-quantum-physics\/m1-nanophysics-quantum-physics-743833.kjsp?RH=1554915506020\" class=\"ek-link\">M1 NPQP<\/a> (co-responsable)<\/li>\n<!-- \/wp:list-item -->\n\n<!-- wp:list-item -->\n<li>UE Chimie de coordination ouvertes en <a href=\"https:\/\/formations.univ-grenoble-alpes.fr\/fr\/catalogue-2021\/licence-XA\/licence-physique-IAI3PBC7\/parcours-physique-chimie-2e-et-3e-annee-IAI4EP94.html\" class=\"ek-link\">L3 Physique-Chimie<\/a>, <a href=\"https:\/\/formations.univ-grenoble-alpes.fr\/fr\/catalogue-2021\/licence-XA\/licence-chimie-IAI8AZVF\/parcours-chimie-2e-et-3e-annee-IFRVVEXG.html\" class=\"ek-link\">L3 Chimie<\/a>, <a href=\"https:\/\/formations.univ-grenoble-alpes.fr\/fr\/catalogue-2021\/licence-XA\/licence-chimie-IAI8AZVF\/parcours-biochimie-2e-et-3e-annee-IFRVW14S.html\" class=\"ek-link\">L3 Chimie-Biologie<\/a><\/li>\n<!-- \/wp:list-item -->\n\n<!-- wp:list-item -->\n<li>UE Chimie Orbitalaire ouvertes en <a href=\"https:\/\/formations.univ-grenoble-alpes.fr\/fr\/catalogue-2021\/licence-XA\/licence-physique-IAI3PBC7\/parcours-physique-chimie-2e-et-3e-annee-IAI4EP94.html\" class=\"ek-link\">L3 Physique-Chimie<\/a>, <a href=\"https:\/\/formations.univ-grenoble-alpes.fr\/fr\/catalogue-2021\/licence-XA\/licence-chimie-IAI8AZVF\/parcours-chimie-2e-et-3e-annee-IFRVVEXG.html\" class=\"ek-link\">L3 Chimie<\/a>, <a href=\"https:\/\/formations.univ-grenoble-alpes.fr\/fr\/catalogue-2021\/licence-XA\/licence-chimie-IAI8AZVF\/parcours-biochimie-2e-et-3e-annee-IFRVW14S.html\" class=\"ek-link\">L3 Chimie-Biologie<\/a><\/li>\n<!-- \/wp:list-item -->\n\n<!-- wp:list-item -->\n<li>UE Thermodynamique et Cin\u00e9tique Chimiques en <a href=\"https:\/\/formations.univ-grenoble-alpes.fr\/fr\/catalogue-2021\/licence-XA\/licence-physique-IAI3PBC7\/parcours-physique-chimie-2e-et-3e-annee-IAI4EP94.html\" class=\"ek-link\">L2 Physique-Chimie<\/a>, <a href=\"https:\/\/formations.univ-grenoble-alpes.fr\/fr\/catalogue-2021\/licence-XA\/licence-chimie-IAI8AZVF\/parcours-chimie-2e-et-3e-annee-IFRVVEXG.html\" class=\"ek-link\">L2 Chimie<\/a>, <a href=\"https:\/\/formations.univ-grenoble-alpes.fr\/fr\/catalogue-2021\/licence-XA\/licence-chimie-IAI8AZVF\/parcours-biochimie-2e-et-3e-annee-IFRVW14S.html\" class=\"ek-link\">L2 Chimie-Biologie<\/a><\/li>\n<!-- \/wp:list-item -->\n\n<!-- wp:list-item -->\n<li>UE Physico-chimie des Solutions Aqueuses ouvertes en <a href=\"https:\/\/formations.univ-grenoble-alpes.fr\/fr\/catalogue-2021\/licence-XA\/licence-physique-IAI3PBC7\/parcours-physique-chimie-2e-et-3e-annee-IAI4EP94.html\">L2 Physique-Chimie<\/a>, <a href=\"https:\/\/formations.univ-grenoble-alpes.fr\/fr\/catalogue-2021\/licence-XA\/licence-chimie-IAI8AZVF\/parcours-chimie-2e-et-3e-annee-IFRVVEXG.html\">L2 Chimie<\/a>, <a href=\"https:\/\/formations.univ-grenoble-alpes.fr\/fr\/catalogue-2021\/licence-XA\/licence-chimie-IAI8AZVF\/parcours-biochimie-2e-et-3e-annee-IFRVW14S.html\">L2 Chimie-Biologie<\/a><\/li>\n<!-- \/wp:list-item --><\/ul>\n<!-- \/wp:list -->\n\n<!-- wp:paragraph -->\n<p>Dans ce cadre, j'ai \u00e9t\u00e9 pendant responsable du parcours <a href=\"https:\/\/master-nanosciences.univ-grenoble-alpes.fr\/academic-program\/nanochemistry\/\" class=\"ek-link\">M2 Nanochemistry<\/a> (2012-2023) et du <a href=\"https:\/\/master-nanosciences.univ-grenoble-alpes.fr\/\" class=\"ek-link\">Master Nanosciences and Nanotechnologies<\/a> (2017-2023). Par son approche mol\u00e9culaire des mat\u00e9riaux, le parcours M1\/M2 Nanochemistry est tout \u00e0 fait adapt\u00e9 aux th\u00e9matiques de recherche que nous d\u00e9veloppons. <br><\/p>\n<!-- \/wp:paragraph -->\n\n<!-- wp:heading -->\n<h2 class=\"wp-block-heading\">Publications<\/h2>\n<!-- \/wp:heading -->\n\n<!-- wp:paragraph -->\n<p><a href=\"https:\/\/hal.science\/search\/index\/?q=LNCMI+Train&amp;rows=30&amp;sort=publicationDate_tdate+desc\" class=\"ek-link\">Publications depuis l'int\u00e9gration de Cyrille Train au LNCMI apparaissant sur HAL<\/a><\/p>\n<!-- \/wp:paragraph -->","_et_gb_content_width":"","footnotes":""},"folder":[5077],"class_list":["post-20913","page","type-page","status-publish","hentry"],"jetpack_sharing_enabled":true,"_links":{"self":[{"href":"https:\/\/lncmi.cnrs.fr\/en\/wp-json\/wp\/v2\/pages\/20913","targetHints":{"allow":["GET"]}}],"collection":[{"href":"https:\/\/lncmi.cnrs.fr\/en\/wp-json\/wp\/v2\/pages"}],"about":[{"href":"https:\/\/lncmi.cnrs.fr\/en\/wp-json\/wp\/v2\/types\/page"}],"author":[{"embeddable":true,"href":"https:\/\/lncmi.cnrs.fr\/en\/wp-json\/wp\/v2\/users\/1"}],"replies":[{"embeddable":true,"href":"https:\/\/lncmi.cnrs.fr\/en\/wp-json\/wp\/v2\/comments?post=20913"}],"version-history":[{"count":0,"href":"https:\/\/lncmi.cnrs.fr\/en\/wp-json\/wp\/v2\/pages\/20913\/revisions"}],"wp:attachment":[{"href":"https:\/\/lncmi.cnrs.fr\/en\/wp-json\/wp\/v2\/media?parent=20913"}],"wp:term":[{"taxonomy":"folder","embeddable":true,"href":"https:\/\/lncmi.cnrs.fr\/en\/wp-json\/wp\/v2\/folder?post=20913"}],"curies":[{"name":"wp","href":"https:\/\/api.w.org\/{rel}","templated":true}]}}