{"id":19845,"date":"2025-04-15T14:11:54","date_gmt":"2025-04-15T12:11:54","guid":{"rendered":"https:\/\/lncmi.cnrs.fr\/?page_id=19845"},"modified":"2025-05-16T14:50:50","modified_gmt":"2025-05-16T12:50:50","slug":"pierre-mathieu","status":"publish","type":"page","link":"https:\/\/lncmi.cnrs.fr\/en\/pierre-mathieu\/","title":{"rendered":"PIERRE Mathieu"},"content":{"rendered":"<p>[et_pb_section fb_built=&#8221;1&#8243; _builder_version=&#8221;4.16&#8243; custom_padding=&#8221;||0px|||&#8221; global_colors_info=&#8221;{}&#8221;][\/et_pb_section][et_pb_section fb_built=&#8221;1&#8243; _builder_version=&#8221;4.27.2&#8243; _module_preset=&#8221;default&#8221; locked=&#8221;off&#8221; global_colors_info=&#8221;{}&#8221;][et_pb_row column_structure=&#8221;1_3,2_3&#8243; _builder_version=&#8221;4.27.4&#8243; background_size=&#8221;initial&#8221; background_position=&#8221;top_left&#8221; background_repeat=&#8221;repeat&#8221; custom_margin=&#8221;||30px||false|false&#8221; box_shadow_style=&#8221;preset3&#8243; locked=&#8221;off&#8221; global_colors_info=&#8221;{}&#8221;][et_pb_column type=&#8221;1_3&#8243; _builder_version=&#8221;4.27.4&#8243; _module_preset=&#8221;default&#8221; global_colors_info=&#8221;{}&#8221;][et_pb_image src=&#8221;https:\/\/lncmi.cnrs.fr\/wp-content\/uploads\/2024\/09\/Mathieu-400&#215;449-1.png&#8221; title_text=&#8221;Mathieu-400&#215;449&#8243; _builder_version=&#8221;4.27.4&#8243; _module_preset=&#8221;default&#8221; width=&#8221;73.2%&#8221; global_colors_info=&#8221;{}&#8221;][\/et_pb_image][\/et_pb_column][et_pb_column type=&#8221;2_3&#8243; _builder_version=&#8221;4.27.4&#8243; _module_preset=&#8221;default&#8221; global_colors_info=&#8221;{}&#8221;][et_pb_text _builder_version=&#8221;4.27.4&#8243; _module_preset=&#8221;default&#8221; text_font_size=&#8221;20px&#8221; min_height=&#8221;42px&#8221; custom_margin=&#8221;||||false|false&#8221; custom_padding=&#8221;||0px|||&#8221; global_colors_info=&#8221;{}&#8221;]<\/p>\n<h2>Mathieu Pierre<\/h2>\n<h3>Associate professor at INSA Toulouse<a href=\"\/\/orcid.org\/0000-0001-5274-4309\u201d\" aria-label=\"\u201dView\"><\/a><\/h3>\n<p>&nbsp;<\/p>\n<p><a href=\"\/\/orcid.org\/0000-0001-5274-4309\u201d\" aria-label=\"\u201dView\"><\/a><img loading=\"lazy\" decoding=\"async\" src=\"https:\/\/lncmi.cnrs.fr\/wp-content\/uploads\/2025\/05\/Orcid-logo-24px.png\" width=\"24\" height=\"24\" alt=\"\" class=\"wp-image-21031 alignnone size-full\" \/>\u00a0 <a href=\"https:\/\/orcid.org\/0000-0001-5274-4309\" target=\"_blank\" rel=\"noopener\">https:\/\/orcid.org\/0000-0001-5274-4309<\/a><\/p>\n<p>[\/et_pb_text][\/et_pb_column][\/et_pb_row][et_pb_row _builder_version=&#8221;4.27.2&#8243; _module_preset=&#8221;default&#8221; use_background_color_gradient=&#8221;on&#8221; background_color_gradient_stops=&#8221;rgba(43,135,218,0.13) 0%|rgba(41,196,169,0.1) 100%&#8221; custom_margin=&#8221;||||false|false&#8221; custom_padding=&#8221;20px|20px|20px|20px|false|false&#8221; border_color_all=&#8221;RGBA(255,255,255,0)&#8221; border_width_top=&#8221;1px&#8221; box_shadow_style=&#8221;preset3&#8243; global_colors_info=&#8221;{}&#8221;][et_pb_column type=&#8221;4_4&#8243; _builder_version=&#8221;4.26.0&#8243; _module_preset=&#8221;default&#8221; global_colors_info=&#8221;{}&#8221;][et_pb_text _builder_version=&#8221;4.27.4&#8243; _module_preset=&#8221;default&#8221; hover_enabled=&#8221;0&#8243; global_colors_info=&#8221;{}&#8221; sticky_enabled=&#8221;0&#8243;]<\/p>\n<h2 class=\"wp-block-heading\">Research<\/h2>\n<p>Member of the <a href=\"https:\/\/lncmi.cnrs.fr\/en\/nanophysics-and-semiconductors\/quantum-nanostructures-and-topological-matter\/\" target=\"_blank\" rel=\"noopener\">Quantum nanostructures and topological matter<\/a> research team.<\/p>\n<p>&nbsp;<\/p>\n<h2>Duties<\/h2>\n<ul>\n<li>Head of the ASINSA international track<\/li>\n<\/ul>\n<p>[\/et_pb_text][\/et_pb_column][\/et_pb_row][et_pb_row _builder_version=&#8221;4.27.2&#8243; _module_preset=&#8221;default&#8221; global_colors_info=&#8221;{}&#8221;][et_pb_column type=&#8221;4_4&#8243; _builder_version=&#8221;4.27.2&#8243; _module_preset=&#8221;default&#8221; global_colors_info=&#8221;{}&#8221;][et_pb_toggle title=&#8221;Selected publications&#8221; _builder_version=&#8221;4.27.4&#8243; _module_preset=&#8221;default&#8221; global_colors_info=&#8221;{}&#8221;]<\/p>\n<p><a href=\"https:\/\/doi.org\/10.1002\/smll.202311416\" target=\"_blank\" rel=\"noopener\">Quantum Nature of Charge Transport in Inkjet-Printed Graphene Revealed in High Magnetic Fields up to 60T<\/a><br \/>Nathan D. Cottam, Feiran Wang, Jonathan S. Austin, Christopher J. Tuck, Richard Hague, Mark Fromhold, Walter Escoffier, Michel Goiran, Mathieu Pierre, Oleg Makarovsky et Lyudmila Turyanska<br \/><strong>Small<\/strong> 20, 2311416 (2024)<\/p>\n<p><a href=\"https:\/\/doi.org\/10.1002\/aelm.202200995\" target=\"_blank\" rel=\"noopener\">Magnetic and Electric Field Dependent Charge Transfer in Perovskite\/Graphene Field Effect Transistors<\/a><br \/>N. D. Cottam, J. S. Austin, C. Zhang, A. Patan\u00e8, W. Escoffier, M. Goiran, M. Pierre, C. Coletti, V. Mi\u0161eikis, L. Turyanska et O. Makarovsky<br \/><strong>Advanced Electronic Materials<\/strong> 9, 2200995 (2023)<\/p>\n<p><a href=\"https:\/\/doi.org\/10.1103\/PhysRevB.102.155106\" target=\"_blank\" rel=\"noopener\">High magnetic field spin-valley-split Shubnikov\u2013de Haas oscillations in a W\u2062Se2 monolayer<\/a> <a href=\"https:\/\/doi.org\/10.48550\/arXiv.2010.00510\" target=\"_blank\" rel=\"noopener\">(arXiv)<\/a><br \/>Banan Kerdi, Mathieu Pierre, Robin Cours, B\u00e9n\u00e9dicte Warot-Fonrose, Michel Goiran et Walter Escoffier<br \/><strong>Physical Review B<\/strong> 102, 155106 (2020)<\/p>\n<p><a href=\"https:\/\/doi.org\/10.1103\/PhysRevB.99.094518\" target=\"_blank\" rel=\"noopener\">Resonant and off-resonant microwave signal manipulation in coupled superconducting resonators<\/a> <a href=\"https:\/\/doi.org\/10.48550\/arXiv.1802.09034\" target=\"_blank\" rel=\"noopener\">(arXiv)<\/a><br \/>M. Pierre, S. R. Sathyamoorthy, I.-M. Svensson, G. Johansson et P. Delsing<br \/><strong>Physical Review B<\/strong> 99, 094518 (2019)<\/p>\n<p><span><a href=\"https:\/\/doi.org\/10.1103\/PhysRevB.96.085302\" target=\"_blank\" rel=\"noopener\">Charged excitons in monolayer WSe<sub>2<\/sub>: Experiment and theory<\/a><\/span> <span><a href=\"https:\/\/doi.org\/10.48550\/arXiv.1705.02110\" target=\"_blank\" rel=\"noopener\">(arXiv)<\/a><\/span><br \/>E. Courtade, M. Semina, M. Manca, M. M. Glazov, C. Robert, F. Cadiz, G. Wang, T. Taniguchi, K. Watanabe, M. Pierre, W. Escoffier, E. L. Ivchenko, P. Renucci, X. Marie, T. Amand et B. Urbaszek<br \/><strong>Physical Review B<\/strong> 96, 085302 (2017)<\/p>\n<p><span><a href=\"https:\/\/doi.org\/10.1103\/PhysRevLett.117.237702\" target=\"_blank\" rel=\"noopener\">Puddle-Induced Resistance Oscillations in the Breakdown of the Graphene Quantum Hall Effect<\/a><\/span> <span><a href=\"https:\/\/doi.org\/10.48550\/arXiv.1611.08179\">(arXiv)<\/a><\/span><br \/>M. Yang, O. Couturaud, W. Desrat, C. Consejo, D. Kazazis, R. Yakimova, M. Syv\u00e4j\u00e4rvi, M. Goiran, J. B\u00e9ard, P. Frings, M. Pierre, A. Cresti, W. Escoffier et B. Jouault<br \/><strong>Physical Review Letters<\/strong> 117, 237702 (2016)<\/p>\n<p><span><a href=\"https:\/\/doi.org\/10.1063\/1.4963234\" target=\"_blank\" rel=\"noopener\">High field magneto-transport in two-dimensional electron gas LaAlO<sub>3<\/sub>\/SrTiO<sub>3<\/sub><\/a><\/span> <span><a href=\"https:\/\/doi.org\/10.48550\/arXiv.1604.03451\" target=\"_blank\" rel=\"noopener\">(arXiv)<\/a><\/span><br \/>Ming Yang, Kun Han, Olivier Torresin, Mathieu Pierre, Shengwei Zeng, Zhen Huang, T. V. Venkatesan, Michel Goiran, J. M. D. Coey, Ariando et Walter Escoffier<br \/><strong>Applied Physics Letters<\/strong> 109, 122106 (2016)<\/p>\n<p><span><a href=\"https:\/\/doi.org\/10.1063\/1.4901953\" target=\"_blank\" rel=\"noopener\">Magneto-transport properties of a random distribution of few-layer graphene patches<\/a><\/span><br \/>Fabrice Iacovella, Pierre Trinsoutrot, Anatolie Mitioglu, V\u00e9ronique Con\u00e9d\u00e9ra, Mathieu Pierre, Bertrand Raquet, Michel Goiran, Hugues Vergnes, Brigitte Caussat, Paulina Plochocka et Walter Escoffier<br \/><strong>Journal of Applied Physics<\/strong> 116, 193705 (2014)<\/p>\n<p><a href=\"https:\/\/doi.org\/10.1063\/1.4882646\" target=\"_blank\" rel=\"noopener\">Storage and on-demand release of microwaves using superconducting resonators with tunable coupling<\/a> <a href=\"https:\/\/doi.org\/10.48550\/arXiv.1406.2005\" target=\"_blank\" rel=\"noopener\">(arXiv)<\/a><br \/>M. Pierre, I.-M. Svensson, S. R. Sathyamoorthy, G. Johansson et P. Delsing<br \/><strong>Applied Physics Letters<\/strong> 104, 232604 (2014)<\/p>\n<ul><\/ul>\n<ul><\/ul>\n<ul><\/ul>\n<p>[\/et_pb_toggle][\/et_pb_column][\/et_pb_row][\/et_pb_section]<\/p>\n","protected":false},"excerpt":{"rendered":"<p>Mathieu Pierre Associate professor at INSA Toulouse &nbsp; \u00a0 https:\/\/orcid.org\/0000-0001-5274-4309Research Member of the Quantum nanostructures and topological matter research team. &nbsp; Duties Head of the ASINSA international track Quantum Nature [&hellip;]<\/p>\n","protected":false},"author":1,"featured_media":0,"parent":0,"menu_order":0,"comment_status":"closed","ping_status":"closed","template":"","meta":{"_et_pb_use_builder":"on","_et_pb_old_content":"<!-- wp:media-text {\"mediaId\":10316,\"mediaLink\":\"https:\/\/lncmi.cnrs.fr\/train-cyrille\/attachment\/train-cyrille\/\",\"mediaType\":\"image\",\"mediaWidth\":15} -->\n<div class=\"wp-block-media-text is-stacked-on-mobile\" style=\"grid-template-columns:15% auto\"><figure class=\"wp-block-media-text__media\"><img src=\"https:\/\/lncmi.cnrs.fr\/wp-content\/uploads\/2024\/07\/TRAIN-Cyrille-1024x683.jpg\" alt=\"\" class=\"wp-image-10316 size-full\"\/><\/figure><div class=\"wp-block-media-text__content\"><!-- wp:paragraph {\"placeholder\":\"Contenu\u2026\"} -->\n<p>Professeur \u00e0 l\u2019<a href=\"https:\/\/www.univ-grenoble-alpes.fr\/\" class=\"ek-link\">Universit\u00e9 Grenoble-Alpes<\/a>, Grenoble, France<\/p>\n<!-- \/wp:paragraph --><\/div><\/div>\n<!-- \/wp:media-text -->\n\n<!-- wp:heading -->\n<h2 class=\"wp-block-heading\">Th\u00e9matiques de recherche d\u00e9velopp\u00e9es au LNCMI<\/h2>\n<!-- \/wp:heading -->\n\n<!-- wp:list -->\n<ul><!-- wp:list-item -->\n<li><a href=\"https:\/\/lncmi.cnrs.fr\/non-classifiee\/magnetisme-moleculaire-2\/\" class=\"ek-link\">Magn\u00e9tisme Mol\u00e9culaire<\/a><\/li>\n<!-- \/wp:list-item -->\n\n<!-- wp:list-item -->\n<li><a href=\"https:\/\/lncmi.cnrs.fr\/non-classifiee\/magnetisme-moleculaire\/\" class=\"ek-link\">Chiralit\u00e9 et Magn\u00e9tisme<\/a><\/li>\n<!-- \/wp:list-item --><\/ul>\n<!-- \/wp:list -->\n\n<!-- wp:heading -->\n<h2 class=\"wp-block-heading\">Enseignement<\/h2>\n<!-- \/wp:heading -->\n\n<!-- wp:paragraph -->\n<p>J'effectue une activit\u00e9 d'enseignement vari\u00e9e essentiellement centr\u00e9e sur la chimie de coordination, en lien direct avec mon activit\u00e9 de recherche. Ainsi, j'interviens ou suis intervenu dans les UE suivantes (entre autres !): <\/p>\n<!-- \/wp:paragraph -->\n\n<!-- wp:list -->\n<ul><!-- wp:list-item -->\n<li>Molecular Magnetism au sein de l'<a href=\"https:\/\/master-nanosciences.univ-grenoble-alpes.fr\/molecular-nanomaterials-484406.kjsp?RH=1554915636750\" class=\"ek-link\">UE Molecular Nanomaterials<\/a> du <a href=\"https:\/\/master-nanosciences.univ-grenoble-alpes.fr\/academic-program\/nanochemistry\/\" class=\"ek-link\">M2 Nanochemistry<\/a> <\/li>\n<!-- \/wp:list-item -->\n\n<!-- wp:list-item -->\n<li><a href=\"https:\/\/master-nanosciences.univ-grenoble-alpes.fr\/supramolecular-and-coordination-chemistry-481148.kjsp?RH=1602758212834\" class=\"ek-link\">UE Supramolecular and Coordination Chemistry <\/a>du <a href=\"https:\/\/master-nanosciences.univ-grenoble-alpes.fr\/academic-program\/nanochemistry\/m1-nanochemistry\/m1-nanochemistry-743832.kjsp?RH=1554915636750\" class=\"ek-link\">M1 Nanochemistry<\/a> (responsable)<\/li>\n<!-- \/wp:list-item -->\n\n<!-- wp:list-item -->\n<li><a href=\"https:\/\/master-nanosciences.univ-grenoble-alpes.fr\/molecular-electronics-and-magnetism--484229.kjsp?RH=1602758212834\" class=\"ek-link\">UE Molecular Electronics and Magnetism<\/a>, UE d'ouverture pour les \u00e9tudiants des <a href=\"https:\/\/master-nanosciences.univ-grenoble-alpes.fr\/academic-program\/nanochemistry\/m1-nanochemistry\/m1-nanochemistry-743832.kjsp?RH=1554915636750\" class=\"ek-link\">M1 Nanochemistry<\/a> et <a href=\"https:\/\/master-nanosciences.univ-grenoble-alpes.fr\/academic-program\/nanophysics\/m1-nanophysics-quantum-physics\/m1-nanophysics-quantum-physics-743833.kjsp?RH=1554915506020\" class=\"ek-link\">M1 NPQP<\/a> (co-responsable)<\/li>\n<!-- \/wp:list-item -->\n\n<!-- wp:list-item -->\n<li>UE Chimie de coordination ouvertes en <a href=\"https:\/\/formations.univ-grenoble-alpes.fr\/fr\/catalogue-2021\/licence-XA\/licence-physique-IAI3PBC7\/parcours-physique-chimie-2e-et-3e-annee-IAI4EP94.html\" class=\"ek-link\">L3 Physique-Chimie<\/a>, <a href=\"https:\/\/formations.univ-grenoble-alpes.fr\/fr\/catalogue-2021\/licence-XA\/licence-chimie-IAI8AZVF\/parcours-chimie-2e-et-3e-annee-IFRVVEXG.html\" class=\"ek-link\">L3 Chimie<\/a>, <a href=\"https:\/\/formations.univ-grenoble-alpes.fr\/fr\/catalogue-2021\/licence-XA\/licence-chimie-IAI8AZVF\/parcours-biochimie-2e-et-3e-annee-IFRVW14S.html\" class=\"ek-link\">L3 Chimie-Biologie<\/a><\/li>\n<!-- \/wp:list-item -->\n\n<!-- wp:list-item -->\n<li>UE Chimie Orbitalaire ouvertes en <a href=\"https:\/\/formations.univ-grenoble-alpes.fr\/fr\/catalogue-2021\/licence-XA\/licence-physique-IAI3PBC7\/parcours-physique-chimie-2e-et-3e-annee-IAI4EP94.html\" class=\"ek-link\">L3 Physique-Chimie<\/a>, <a href=\"https:\/\/formations.univ-grenoble-alpes.fr\/fr\/catalogue-2021\/licence-XA\/licence-chimie-IAI8AZVF\/parcours-chimie-2e-et-3e-annee-IFRVVEXG.html\" class=\"ek-link\">L3 Chimie<\/a>, <a href=\"https:\/\/formations.univ-grenoble-alpes.fr\/fr\/catalogue-2021\/licence-XA\/licence-chimie-IAI8AZVF\/parcours-biochimie-2e-et-3e-annee-IFRVW14S.html\" class=\"ek-link\">L3 Chimie-Biologie<\/a><\/li>\n<!-- \/wp:list-item -->\n\n<!-- wp:list-item -->\n<li>UE Thermodynamique et Cin\u00e9tique Chimiques en <a href=\"https:\/\/formations.univ-grenoble-alpes.fr\/fr\/catalogue-2021\/licence-XA\/licence-physique-IAI3PBC7\/parcours-physique-chimie-2e-et-3e-annee-IAI4EP94.html\" class=\"ek-link\">L2 Physique-Chimie<\/a>, <a href=\"https:\/\/formations.univ-grenoble-alpes.fr\/fr\/catalogue-2021\/licence-XA\/licence-chimie-IAI8AZVF\/parcours-chimie-2e-et-3e-annee-IFRVVEXG.html\" class=\"ek-link\">L2 Chimie<\/a>, <a href=\"https:\/\/formations.univ-grenoble-alpes.fr\/fr\/catalogue-2021\/licence-XA\/licence-chimie-IAI8AZVF\/parcours-biochimie-2e-et-3e-annee-IFRVW14S.html\" class=\"ek-link\">L2 Chimie-Biologie<\/a><\/li>\n<!-- \/wp:list-item -->\n\n<!-- wp:list-item -->\n<li>UE Physico-chimie des Solutions Aqueuses ouvertes en <a href=\"https:\/\/formations.univ-grenoble-alpes.fr\/fr\/catalogue-2021\/licence-XA\/licence-physique-IAI3PBC7\/parcours-physique-chimie-2e-et-3e-annee-IAI4EP94.html\">L2 Physique-Chimie<\/a>, <a href=\"https:\/\/formations.univ-grenoble-alpes.fr\/fr\/catalogue-2021\/licence-XA\/licence-chimie-IAI8AZVF\/parcours-chimie-2e-et-3e-annee-IFRVVEXG.html\">L2 Chimie<\/a>, <a href=\"https:\/\/formations.univ-grenoble-alpes.fr\/fr\/catalogue-2021\/licence-XA\/licence-chimie-IAI8AZVF\/parcours-biochimie-2e-et-3e-annee-IFRVW14S.html\">L2 Chimie-Biologie<\/a><\/li>\n<!-- \/wp:list-item --><\/ul>\n<!-- \/wp:list -->\n\n<!-- wp:paragraph -->\n<p>Dans ce cadre, j'ai \u00e9t\u00e9 pendant responsable du parcours <a href=\"https:\/\/master-nanosciences.univ-grenoble-alpes.fr\/academic-program\/nanochemistry\/\" class=\"ek-link\">M2 Nanochemistry<\/a> (2012-2023) et du <a href=\"https:\/\/master-nanosciences.univ-grenoble-alpes.fr\/\" class=\"ek-link\">Master Nanosciences and Nanotechnologies<\/a> (2017-2023). Par son approche mol\u00e9culaire des mat\u00e9riaux, le parcours M1\/M2 Nanochemistry est tout \u00e0 fait adapt\u00e9 aux th\u00e9matiques de recherche que nous d\u00e9veloppons. <br><\/p>\n<!-- \/wp:paragraph -->\n\n<!-- wp:heading -->\n<h2 class=\"wp-block-heading\">Publications<\/h2>\n<!-- \/wp:heading -->\n\n<!-- wp:paragraph -->\n<p><a href=\"https:\/\/hal.science\/search\/index\/?q=LNCMI+Train&amp;rows=30&amp;sort=publicationDate_tdate+desc\" class=\"ek-link\">Publications depuis l'int\u00e9gration de Cyrille Train au LNCMI apparaissant sur HAL<\/a><\/p>\n<!-- \/wp:paragraph -->","_et_gb_content_width":"","footnotes":""},"folder":[5077],"class_list":["post-19845","page","type-page","status-publish","hentry"],"jetpack_sharing_enabled":true,"_links":{"self":[{"href":"https:\/\/lncmi.cnrs.fr\/en\/wp-json\/wp\/v2\/pages\/19845","targetHints":{"allow":["GET"]}}],"collection":[{"href":"https:\/\/lncmi.cnrs.fr\/en\/wp-json\/wp\/v2\/pages"}],"about":[{"href":"https:\/\/lncmi.cnrs.fr\/en\/wp-json\/wp\/v2\/types\/page"}],"author":[{"embeddable":true,"href":"https:\/\/lncmi.cnrs.fr\/en\/wp-json\/wp\/v2\/users\/1"}],"replies":[{"embeddable":true,"href":"https:\/\/lncmi.cnrs.fr\/en\/wp-json\/wp\/v2\/comments?post=19845"}],"version-history":[{"count":0,"href":"https:\/\/lncmi.cnrs.fr\/en\/wp-json\/wp\/v2\/pages\/19845\/revisions"}],"wp:attachment":[{"href":"https:\/\/lncmi.cnrs.fr\/en\/wp-json\/wp\/v2\/media?parent=19845"}],"wp:term":[{"taxonomy":"folder","embeddable":true,"href":"https:\/\/lncmi.cnrs.fr\/en\/wp-json\/wp\/v2\/folder?post=19845"}],"curies":[{"name":"wp","href":"https:\/\/api.w.org\/{rel}","templated":true}]}}