{"id":19830,"date":"2025-04-15T11:50:16","date_gmt":"2025-04-15T09:50:16","guid":{"rendered":"https:\/\/lncmi.cnrs.fr\/?page_id=19830"},"modified":"2025-04-15T11:50:22","modified_gmt":"2025-04-15T09:50:22","slug":"simon-charles-2","status":"publish","type":"page","link":"https:\/\/lncmi.cnrs.fr\/en\/simon-charles-2\/","title":{"rendered":"SIMON Charles"},"content":{"rendered":"<p>[et_pb_section fb_built=&#8221;1&#8243; _builder_version=&#8221;4.16&#8243; global_colors_info=&#8221;{}&#8221;][et_pb_row column_structure=&#8221;1_3,2_3&#8243; _builder_version=&#8221;4.27.2&#8243; background_size=&#8221;initial&#8221; background_position=&#8221;top_left&#8221; background_repeat=&#8221;repeat&#8221; custom_margin=&#8221;||30px||false|false&#8221; box_shadow_style=&#8221;preset3&#8243; locked=&#8221;off&#8221; global_colors_info=&#8221;{}&#8221;][et_pb_column type=&#8221;1_3&#8243; _builder_version=&#8221;4.16&#8243; custom_padding=&#8221;|||&#8221; global_colors_info=&#8221;{}&#8221; custom_padding__hover=&#8221;|||&#8221;][ba_flipbox front_media_type=&#8221;image&#8221; front_img=&#8221;https:\/\/lncmi.cnrs.fr\/wp-content\/uploads\/2025\/02\/Charles_Simon_LNCMI.jpg&#8221; front_title=&#8221;Charles SIMON&#8221; back_media_type=&#8221;none&#8221; front_padding=&#8221;0px|0px|0px|0px|false|false&#8221; back_padding=&#8221;0px|0px|0px|0px&#8221; front_img_height=&#8221;120px&#8221; front_img_width=&#8221;120px&#8221; back_img_height=&#8221;120px&#8221; back_img_width=&#8221;120px&#8221; back_bg_use_color_gradient=&#8221;on&#8221; back_bg_enable_image=&#8221;off&#8221; back_bg_blend=&#8221;darken&#8221; front_bg_color=&#8221;#ffffff&#8221; front_bg_enable_image=&#8221;off&#8221; front_desc_spacing=&#8221;10px&#8221; back_desc_spacing=&#8221;10px&#8221; _builder_version=&#8221;4.27.4&#8243; _module_preset=&#8221;default&#8221; front_title_font_size=&#8221;1.5rem&#8221; front_description_font_size=&#8221;1rem&#8221; back_title_text_color=&#8221;#ffffff&#8221; back_title_font_size=&#8221;1.5rem&#8221; back_description_text_color=&#8221;#ffffff&#8221; back_description_font_size=&#8221;1rem&#8221; background_color=&#8221;RGBA(255,255,255,0)&#8221; background_enable_image=&#8221;off&#8221; border_radii_card=&#8221;on|9px|9px|9px|9px&#8221; border_color_all_card=&#8221;RGBA(255,255,255,0)&#8221; border_radii_front_media=&#8221;on|100px|100px|100px|100px&#8221; border_radii_back_media=&#8221;on|100px|100px|100px|100px&#8221; locked=&#8221;off&#8221; global_colors_info=&#8221;{}&#8221;][\/ba_flipbox][\/et_pb_column][et_pb_column type=&#8221;2_3&#8243; _builder_version=&#8221;4.16&#8243; custom_padding=&#8221;|||&#8221; global_colors_info=&#8221;{}&#8221; custom_padding__hover=&#8221;|||&#8221;][et_pb_text _builder_version=&#8221;4.27.4&#8243; _module_preset=&#8221;default&#8221; text_font_size=&#8221;20px&#8221; custom_margin=&#8221;80px||||false|false&#8221; custom_padding=&#8221;||0px|||&#8221; hover_enabled=&#8221;0&#8243; global_colors_info=&#8221;{}&#8221; sticky_enabled=&#8221;0&#8243;]<\/p>\n<p style=\"text-align: left;\">Research Director, CNRS<\/p>\n<p>[\/et_pb_text][\/et_pb_column][\/et_pb_row][\/et_pb_section][et_pb_section fb_built=&#8221;1&#8243; _builder_version=&#8221;4.27.2&#8243; _module_preset=&#8221;default&#8221; locked=&#8221;off&#8221; global_colors_info=&#8221;{}&#8221;][et_pb_row column_structure=&#8221;1_2,1_2&#8243; _builder_version=&#8221;4.27.2&#8243; _module_preset=&#8221;default&#8221; use_background_color_gradient=&#8221;on&#8221; background_color_gradient_stops=&#8221;rgba(43,135,218,0.13) 0%|rgba(41,196,169,0.1) 100%&#8221; custom_margin=&#8221;||||false|false&#8221; custom_padding=&#8221;20px|20px|20px|20px|false|false&#8221; border_color_all=&#8221;RGBA(255,255,255,0)&#8221; border_width_top=&#8221;1px&#8221; box_shadow_style=&#8221;preset3&#8243; global_colors_info=&#8221;{}&#8221;][et_pb_column type=&#8221;1_2&#8243; _builder_version=&#8221;4.26.0&#8243; _module_preset=&#8221;default&#8221; global_colors_info=&#8221;{}&#8221;][et_pb_text _builder_version=&#8221;4.27.4&#8243; _module_preset=&#8221;default&#8221; hover_enabled=&#8221;0&#8243; global_colors_info=&#8221;{}&#8221; sticky_enabled=&#8221;0&#8243;]<\/p>\n<h2 class=\"wp-block-heading\">Research themes developed at LNCMI<\/h2>\n<ul>\n<ul>\n<li>\n<p><a href=\"https:\/\/lncmi.cnrs.fr\/non-classifiee\/magnetisme-moleculaire-2\/\" class=\"ek-link\">Applied superconductivity, vortex dynamics<\/a><\/p>\n<\/li>\n<li>\n<p><a href=\"https:\/\/lncmi.cnrs.fr\/non-classifiee\/magnetisme-moleculaire\/\" class=\"ek-link\" style=\"font-size: 14px;\">Magnetism of epitaxial thin films (neutron diffraction)<\/a><\/p>\n<\/li>\n<\/ul>\n<\/ul>\n<p>[\/et_pb_text][et_pb_text _builder_version=&#8221;4.27.4&#8243; _module_preset=&#8221;default&#8221; hover_enabled=&#8221;0&#8243; global_colors_info=&#8221;{}&#8221; sticky_enabled=&#8221;0&#8243;]<\/p>\n<h2 class=\"wp-block-heading\">Recent tasks of collective interest<\/h2>\n<p><!-- \/divi:heading --><!-- divi:paragraph --><\/p>\n<p>Director, LNCMI 2021-2025<\/p>\n<p>Chairman of the EMFL Board of Directors 2023-2024<\/p>\n<p>Head of EQUIPEX LASUP 2021-2024<\/p>\n<p>Head of EQUIPEX FASUM 2023-2025<\/p>\n<p>&nbsp;<\/p>\n<p>[\/et_pb_text][\/et_pb_column][et_pb_column type=&#8221;1_2&#8243; _builder_version=&#8221;4.26.0&#8243; _module_preset=&#8221;default&#8221; global_colors_info=&#8221;{}&#8221;][et_pb_text _builder_version=&#8221;4.27.4&#8243; _module_preset=&#8221;default&#8221; link_option_url_new_window=&#8221;on&#8221; hover_enabled=&#8221;0&#8243; global_colors_info=&#8221;{}&#8221; sticky_enabled=&#8221;0&#8243;]<\/p>\n<h2 class=\"wp-block-heading\">A little history<\/h2>\n<ul>\n<ul>\n<li>After completing a thesis on quantum oscillations in 2D systems at the ENS Solid State Physics Group on the Jussieu campus and obtaining the agr\u00e9gation in physics in 1981, I joined the CNRS in 1981 as an attach\u00e9 &#8220;de recherches agr\u00e9g\u00e9&#8221;.<\/li>\n<li>I did a post-doctoral stay at IBM (Yorktown Heights, NY USA) in 1984 on the Quantum Hall effect and in particular the role of edge states.<\/li>\n<li>I exchanged my CNRS research post for a two-year lectureship at the Universit\u00e9 d&#8217;Orsay (1986-1987)<\/li>\n<li>I became research director in 1991 at the CRISMAT laboratory in Caen, where I was in charge of the Physics group until 2012. There I worked on superconducting cuprates, colossal magnetoresistance manganites and multi ferroic compounds.<\/li>\n<li>I was French Director of the Institut Laue Langevin from 2012 to 2017, where I was in charge of the Mill\u00e9nium and then Endurance instrumentation programs.<\/li>\n<li>I joined Institut Neel in 2017 where I worked on epitaxial oxide magnetic thin films.<\/li>\n<li>I joined the LNCMI in 2018.<\/li>\n<\/ul>\n<\/ul>\n<p>&nbsp;<\/p>\n<p>[\/et_pb_text][\/et_pb_column][\/et_pb_row][\/et_pb_section]<\/p>\n","protected":false},"excerpt":{"rendered":"<div class=\"et_pb_module ba_flipbox ba_flipbox_0\">\n\t\t\t\t\n\t\t\t\t\n\t\t\t\t\n\t\t\t\t\n\t\t\t\t\n\t\t\t\t\n\t\t\t\t<div class=\"et_pb_module_inner\">\n\t\t\t\t\t<div class=\"dtq-module dtq-flipbox dtq-flipbox--flip dtq-flip-right\">\n                <div class=\"dtq-flipbox-inner\">\n\t\t\t\t\t<div class=\"dtq-flipbox-card-container\">\n\t\t\t\t\t\t<div class=\"dtq-flipbox-front-card dtq-flipbox-card\">\n\t\t\t\t\t\t\t<div class=\"dtq-flipbox-card-inner\">\n\t\t\t\t\t\t\t\t<div class=\"dtq-flipbox-front-content dtq-flipbox-content\">\n\t\t\t\t\t\t\t\t\t<div class=\"dtq-flipbox-figure-front\">\n\t\t\t\t\t\n\t\t\t\t<\/div>\n\t\t\t\t\t\t\t\t\t<div class=\"dtq-flipbox-content-wrap\">\n\t\t\t\t\t\t\t\t\t\t<h2 class=\"dtq-flipbox-title-front\">&#8221;Charles<\/h2>\n\t\t\t\t\t\t\t\t\t\t\n\t\t\t\t\t\t\t\t\t\t\n\t\t\t\t\t\t\t\t\t<\/div>\n\t\t\t\t\t\t\t\t<\/div>\n\t\t\t\t\t\t\t<\/div>\n\t\t\t\t\t\t<\/div>\n\t\t\t\t\t\t<div class=\"dtq-flipbox-back-card dtq-flipbox-card\">\n\t\t\t\t\t\t\t<div class=\"dtq-flipbox-card-inner\">\n\t\t\t\t\t\t\t\t<div class=\"dtq-flipbox-back-content dtq-flipbox-content\">\n\t\t\t\t\t\t\t\t\t<div class=\"dtq-flipbox-figure-back\">\n\t\t\t\t\t\n\t\t\t\t<\/div>\n\t\t\t\t\t\t\t\t\t<div class=\"dtq-flipbox-content-wrap\">\n\t\t\t\t\t\t\t\t\t\t\n\t\t\t\t\t\t\t\t\t\t\n\t\t\t\t\t\t\t\t\t\t\n\t\t\t\t\t\t\t\t\t\t\n\t\t\t\t\t\t\t\t\t<\/div>\n\t\t\t\t\t\t\t\t<\/div>\n\t\t\t\t\t\t\t<\/div>\n\t\t\t\t\t\t<\/div>\n\t\t\t\t\t\t<div class=\"dtq-flank\"><\/div>\n\t\t\t\t\t<\/div>\n\t\t\t\t<\/div>\n            <\/div>\n\t\t\t\t<\/div>\n\t\t\t<\/div>\n","protected":false},"author":1,"featured_media":0,"parent":0,"menu_order":0,"comment_status":"closed","ping_status":"closed","template":"","meta":{"_et_pb_use_builder":"on","_et_pb_old_content":"<!-- wp:media-text {\"mediaId\":10316,\"mediaLink\":\"https:\/\/lncmi.cnrs.fr\/train-cyrille\/attachment\/train-cyrille\/\",\"mediaType\":\"image\",\"mediaWidth\":15} -->\n<div class=\"wp-block-media-text is-stacked-on-mobile\" style=\"grid-template-columns:15% auto\"><figure class=\"wp-block-media-text__media\"><img src=\"https:\/\/lncmi.cnrs.fr\/wp-content\/uploads\/2024\/07\/TRAIN-Cyrille-1024x683.jpg\" alt=\"\" class=\"wp-image-10316 size-full\"\/><\/figure><div class=\"wp-block-media-text__content\"><!-- wp:paragraph {\"placeholder\":\"Contenu\u2026\"} -->\n<p>Professeur \u00e0 l\u2019<a href=\"https:\/\/www.univ-grenoble-alpes.fr\/\" class=\"ek-link\">Universit\u00e9 Grenoble-Alpes<\/a>, Grenoble, France<\/p>\n<!-- \/wp:paragraph --><\/div><\/div>\n<!-- \/wp:media-text -->\n\n<!-- wp:heading -->\n<h2 class=\"wp-block-heading\">Th\u00e9matiques de recherche d\u00e9velopp\u00e9es au LNCMI<\/h2>\n<!-- \/wp:heading -->\n\n<!-- wp:list -->\n<ul><!-- wp:list-item -->\n<li><a href=\"https:\/\/lncmi.cnrs.fr\/non-classifiee\/magnetisme-moleculaire-2\/\" class=\"ek-link\">Magn\u00e9tisme Mol\u00e9culaire<\/a><\/li>\n<!-- \/wp:list-item -->\n\n<!-- wp:list-item -->\n<li><a href=\"https:\/\/lncmi.cnrs.fr\/non-classifiee\/magnetisme-moleculaire\/\" class=\"ek-link\">Chiralit\u00e9 et Magn\u00e9tisme<\/a><\/li>\n<!-- \/wp:list-item --><\/ul>\n<!-- \/wp:list -->\n\n<!-- wp:heading -->\n<h2 class=\"wp-block-heading\">Enseignement<\/h2>\n<!-- \/wp:heading -->\n\n<!-- wp:paragraph -->\n<p>J'effectue une activit\u00e9 d'enseignement vari\u00e9e essentiellement centr\u00e9e sur la chimie de coordination, en lien direct avec mon activit\u00e9 de recherche. Ainsi, j'interviens ou suis intervenu dans les UE suivantes (entre autres !): <\/p>\n<!-- \/wp:paragraph -->\n\n<!-- wp:list -->\n<ul><!-- wp:list-item -->\n<li>Molecular Magnetism au sein de l'<a href=\"https:\/\/master-nanosciences.univ-grenoble-alpes.fr\/molecular-nanomaterials-484406.kjsp?RH=1554915636750\" class=\"ek-link\">UE Molecular Nanomaterials<\/a> du <a href=\"https:\/\/master-nanosciences.univ-grenoble-alpes.fr\/academic-program\/nanochemistry\/\" class=\"ek-link\">M2 Nanochemistry<\/a> <\/li>\n<!-- \/wp:list-item -->\n\n<!-- wp:list-item -->\n<li><a href=\"https:\/\/master-nanosciences.univ-grenoble-alpes.fr\/supramolecular-and-coordination-chemistry-481148.kjsp?RH=1602758212834\" class=\"ek-link\">UE Supramolecular and Coordination Chemistry <\/a>du <a href=\"https:\/\/master-nanosciences.univ-grenoble-alpes.fr\/academic-program\/nanochemistry\/m1-nanochemistry\/m1-nanochemistry-743832.kjsp?RH=1554915636750\" class=\"ek-link\">M1 Nanochemistry<\/a> (responsable)<\/li>\n<!-- \/wp:list-item -->\n\n<!-- wp:list-item -->\n<li><a href=\"https:\/\/master-nanosciences.univ-grenoble-alpes.fr\/molecular-electronics-and-magnetism--484229.kjsp?RH=1602758212834\" class=\"ek-link\">UE Molecular Electronics and Magnetism<\/a>, UE d'ouverture pour les \u00e9tudiants des <a href=\"https:\/\/master-nanosciences.univ-grenoble-alpes.fr\/academic-program\/nanochemistry\/m1-nanochemistry\/m1-nanochemistry-743832.kjsp?RH=1554915636750\" class=\"ek-link\">M1 Nanochemistry<\/a> et <a href=\"https:\/\/master-nanosciences.univ-grenoble-alpes.fr\/academic-program\/nanophysics\/m1-nanophysics-quantum-physics\/m1-nanophysics-quantum-physics-743833.kjsp?RH=1554915506020\" class=\"ek-link\">M1 NPQP<\/a> (co-responsable)<\/li>\n<!-- \/wp:list-item -->\n\n<!-- wp:list-item -->\n<li>UE Chimie de coordination ouvertes en <a href=\"https:\/\/formations.univ-grenoble-alpes.fr\/fr\/catalogue-2021\/licence-XA\/licence-physique-IAI3PBC7\/parcours-physique-chimie-2e-et-3e-annee-IAI4EP94.html\" class=\"ek-link\">L3 Physique-Chimie<\/a>, <a href=\"https:\/\/formations.univ-grenoble-alpes.fr\/fr\/catalogue-2021\/licence-XA\/licence-chimie-IAI8AZVF\/parcours-chimie-2e-et-3e-annee-IFRVVEXG.html\" class=\"ek-link\">L3 Chimie<\/a>, <a href=\"https:\/\/formations.univ-grenoble-alpes.fr\/fr\/catalogue-2021\/licence-XA\/licence-chimie-IAI8AZVF\/parcours-biochimie-2e-et-3e-annee-IFRVW14S.html\" class=\"ek-link\">L3 Chimie-Biologie<\/a><\/li>\n<!-- \/wp:list-item -->\n\n<!-- wp:list-item -->\n<li>UE Chimie Orbitalaire ouvertes en <a href=\"https:\/\/formations.univ-grenoble-alpes.fr\/fr\/catalogue-2021\/licence-XA\/licence-physique-IAI3PBC7\/parcours-physique-chimie-2e-et-3e-annee-IAI4EP94.html\" class=\"ek-link\">L3 Physique-Chimie<\/a>, <a href=\"https:\/\/formations.univ-grenoble-alpes.fr\/fr\/catalogue-2021\/licence-XA\/licence-chimie-IAI8AZVF\/parcours-chimie-2e-et-3e-annee-IFRVVEXG.html\" class=\"ek-link\">L3 Chimie<\/a>, <a href=\"https:\/\/formations.univ-grenoble-alpes.fr\/fr\/catalogue-2021\/licence-XA\/licence-chimie-IAI8AZVF\/parcours-biochimie-2e-et-3e-annee-IFRVW14S.html\" class=\"ek-link\">L3 Chimie-Biologie<\/a><\/li>\n<!-- \/wp:list-item -->\n\n<!-- wp:list-item -->\n<li>UE Thermodynamique et Cin\u00e9tique Chimiques en <a href=\"https:\/\/formations.univ-grenoble-alpes.fr\/fr\/catalogue-2021\/licence-XA\/licence-physique-IAI3PBC7\/parcours-physique-chimie-2e-et-3e-annee-IAI4EP94.html\" class=\"ek-link\">L2 Physique-Chimie<\/a>, <a href=\"https:\/\/formations.univ-grenoble-alpes.fr\/fr\/catalogue-2021\/licence-XA\/licence-chimie-IAI8AZVF\/parcours-chimie-2e-et-3e-annee-IFRVVEXG.html\" class=\"ek-link\">L2 Chimie<\/a>, <a href=\"https:\/\/formations.univ-grenoble-alpes.fr\/fr\/catalogue-2021\/licence-XA\/licence-chimie-IAI8AZVF\/parcours-biochimie-2e-et-3e-annee-IFRVW14S.html\" class=\"ek-link\">L2 Chimie-Biologie<\/a><\/li>\n<!-- \/wp:list-item -->\n\n<!-- wp:list-item -->\n<li>UE Physico-chimie des Solutions Aqueuses ouvertes en <a href=\"https:\/\/formations.univ-grenoble-alpes.fr\/fr\/catalogue-2021\/licence-XA\/licence-physique-IAI3PBC7\/parcours-physique-chimie-2e-et-3e-annee-IAI4EP94.html\">L2 Physique-Chimie<\/a>, <a href=\"https:\/\/formations.univ-grenoble-alpes.fr\/fr\/catalogue-2021\/licence-XA\/licence-chimie-IAI8AZVF\/parcours-chimie-2e-et-3e-annee-IFRVVEXG.html\">L2 Chimie<\/a>, <a href=\"https:\/\/formations.univ-grenoble-alpes.fr\/fr\/catalogue-2021\/licence-XA\/licence-chimie-IAI8AZVF\/parcours-biochimie-2e-et-3e-annee-IFRVW14S.html\">L2 Chimie-Biologie<\/a><\/li>\n<!-- \/wp:list-item --><\/ul>\n<!-- \/wp:list -->\n\n<!-- wp:paragraph -->\n<p>Dans ce cadre, j'ai \u00e9t\u00e9 pendant responsable du parcours <a href=\"https:\/\/master-nanosciences.univ-grenoble-alpes.fr\/academic-program\/nanochemistry\/\" class=\"ek-link\">M2 Nanochemistry<\/a> (2012-2023) et du <a href=\"https:\/\/master-nanosciences.univ-grenoble-alpes.fr\/\" class=\"ek-link\">Master Nanosciences and Nanotechnologies<\/a> (2017-2023). Par son approche mol\u00e9culaire des mat\u00e9riaux, le parcours M1\/M2 Nanochemistry est tout \u00e0 fait adapt\u00e9 aux th\u00e9matiques de recherche que nous d\u00e9veloppons. <br><\/p>\n<!-- \/wp:paragraph -->\n\n<!-- wp:heading -->\n<h2 class=\"wp-block-heading\">Publications<\/h2>\n<!-- \/wp:heading -->\n\n<!-- wp:paragraph -->\n<p><a href=\"https:\/\/hal.science\/search\/index\/?q=LNCMI+Train&amp;rows=30&amp;sort=publicationDate_tdate+desc\" class=\"ek-link\">Publications depuis l'int\u00e9gration de Cyrille Train au LNCMI apparaissant sur HAL<\/a><\/p>\n<!-- \/wp:paragraph -->","_et_gb_content_width":"","footnotes":""},"folder":[5077],"class_list":["post-19830","page","type-page","status-publish","hentry"],"jetpack_sharing_enabled":true,"_links":{"self":[{"href":"https:\/\/lncmi.cnrs.fr\/en\/wp-json\/wp\/v2\/pages\/19830","targetHints":{"allow":["GET"]}}],"collection":[{"href":"https:\/\/lncmi.cnrs.fr\/en\/wp-json\/wp\/v2\/pages"}],"about":[{"href":"https:\/\/lncmi.cnrs.fr\/en\/wp-json\/wp\/v2\/types\/page"}],"author":[{"embeddable":true,"href":"https:\/\/lncmi.cnrs.fr\/en\/wp-json\/wp\/v2\/users\/1"}],"replies":[{"embeddable":true,"href":"https:\/\/lncmi.cnrs.fr\/en\/wp-json\/wp\/v2\/comments?post=19830"}],"version-history":[{"count":0,"href":"https:\/\/lncmi.cnrs.fr\/en\/wp-json\/wp\/v2\/pages\/19830\/revisions"}],"wp:attachment":[{"href":"https:\/\/lncmi.cnrs.fr\/en\/wp-json\/wp\/v2\/media?parent=19830"}],"wp:term":[{"taxonomy":"folder","embeddable":true,"href":"https:\/\/lncmi.cnrs.fr\/en\/wp-json\/wp\/v2\/folder?post=19830"}],"curies":[{"name":"wp","href":"https:\/\/api.w.org\/{rel}","templated":true}]}}