{"id":19382,"date":"2025-05-07T14:37:51","date_gmt":"2025-05-07T12:37:51","guid":{"rendered":"https:\/\/lncmi.cnrs.fr\/?page_id=19382"},"modified":"2025-06-17T09:35:50","modified_gmt":"2025-06-17T07:35:50","slug":"axions","status":"publish","type":"page","link":"https:\/\/lncmi.cnrs.fr\/en\/optics-and-diluted-matter\/axions\/","title":{"rendered":"Axions"},"content":{"rendered":"<p>[et_pb_section fb_built=&#8221;1&#8243; fullwidth=&#8221;on&#8221; _builder_version=&#8221;4.25.2&#8243; _module_preset=&#8221;default&#8221; global_colors_info=&#8221;{}&#8221;][et_pb_fullwidth_header title=&#8221;Axions&#8221; text_orientation=&#8221;center&#8221; background_overlay_color=&#8221;rgba(0,0,0,0.2)&#8221; _builder_version=&#8221;4.27.0&#8243; _module_preset=&#8221;default&#8221; background_image=&#8221;https:\/\/lncmi.cnrs.fr\/wp-content\/uploads\/2024\/09\/axions.jpeg&#8221; text_shadow_style=&#8221;preset3&#8243; global_colors_info=&#8221;{}&#8221;][\/et_pb_fullwidth_header][\/et_pb_section][et_pb_section fb_built=&#8221;1&#8243; disabled_on=&#8221;on|off|off&#8221; _builder_version=&#8221;4.26.0&#8243; _module_preset=&#8221;default&#8221; overflow-x=&#8221;auto&#8221; sticky_position=&#8221;top&#8221; overflow-x_tablet=&#8221;auto&#8221; overflow-x_phone=&#8221;auto&#8221; overflow-x_last_edited=&#8221;on|phone&#8221; locked=&#8221;off&#8221; global_colors_info=&#8221;{}&#8221;][et_pb_row column_structure=&#8221;1_3,1_3,1_3&#8243; disabled_on=&#8221;off|off|off&#8221; _builder_version=&#8221;4.26.0&#8243; _module_preset=&#8221;default&#8221; sticky_position=&#8221;top&#8221; locked=&#8221;off&#8221; global_colors_info=&#8221;{}&#8221;][et_pb_column type=&#8221;1_3&#8243; _builder_version=&#8221;4.26.0&#8243; _module_preset=&#8221;default&#8221; global_colors_info=&#8221;{}&#8221;][et_pb_button button_url=&#8221;#description&#8221; button_text=&#8221;Description&#8221; _builder_version=&#8221;4.27.2&#8243; _module_preset=&#8221;default&#8221; custom_button=&#8221;on&#8221; button_text_size=&#8221;15px&#8221; global_colors_info=&#8221;{}&#8221;][\/et_pb_button][\/et_pb_column][et_pb_column type=&#8221;1_3&#8243; _builder_version=&#8221;4.26.0&#8243; _module_preset=&#8221;default&#8221; global_colors_info=&#8221;{}&#8221;][et_pb_button button_url=&#8221;#personnel&#8221; button_text=&#8221;Staff&#8221; _builder_version=&#8221;4.27.4&#8243; _module_preset=&#8221;default&#8221; custom_button=&#8221;on&#8221; button_text_size=&#8221;15px&#8221; global_colors_info=&#8221;{}&#8221;][\/et_pb_button][\/et_pb_column][et_pb_column type=&#8221;1_3&#8243; _builder_version=&#8221;4.26.0&#8243; _module_preset=&#8221;default&#8221; global_colors_info=&#8221;{}&#8221;][et_pb_button button_url=&#8221;#publications&#8221; button_text=&#8221;Publications&#8221; _builder_version=&#8221;4.27.0&#8243; _module_preset=&#8221;default&#8221; custom_button=&#8221;on&#8221; button_text_size=&#8221;15px&#8221; global_colors_info=&#8221;{}&#8221;][\/et_pb_button][\/et_pb_column][\/et_pb_row][\/et_pb_section][et_pb_section fb_built=&#8221;1&#8243; module_id=&#8221;description&#8221; _builder_version=&#8221;4.27.2&#8243; _module_preset=&#8221;default&#8221; global_colors_info=&#8221;{}&#8221;][et_pb_row _builder_version=&#8221;4.25.2&#8243; _module_preset=&#8221;default&#8221; global_colors_info=&#8221;{}&#8221;][et_pb_column type=&#8221;4_4&#8243; _builder_version=&#8221;4.25.2&#8243; _module_preset=&#8221;default&#8221; global_colors_info=&#8221;{}&#8221;][et_pb_text _builder_version=&#8221;4.27.4&#8243; _module_preset=&#8221;default&#8221; global_colors_info=&#8221;{}&#8221;]<\/p>\n<p style=\"text-align: justify;\">The axion is a hypothetical pseudoscalar particle, stable, neutral, and of very low mass, typically between \u03bceV and meV. It was independently proposed by Weinberg and Wilczek (1978), two Nobel laureates in Physics, from the breaking of the new symmetry postulated by Peccei-Quinn (1977) to solve the problem of non-violation of the CP symmetry in quantum chromodynamics, one of the last sand grains of in the gear of the Standard Model of particle physics. The axion is also considered to be one of the leading cold dark dark matter candidates of the universe.<\/p>\n<p>[\/et_pb_text][\/et_pb_column][\/et_pb_row][et_pb_row column_structure=&#8221;2_5,3_5&#8243; _builder_version=&#8221;4.25.2&#8243; _module_preset=&#8221;default&#8221; global_colors_info=&#8221;{}&#8221;][et_pb_column type=&#8221;2_5&#8243; _builder_version=&#8221;4.25.2&#8243; _module_preset=&#8221;default&#8221; global_colors_info=&#8221;{}&#8221;][et_pb_image src=&#8221;https:\/\/lncmi.cnrs.fr\/wp-content\/uploads\/2025\/05\/hubble1.jpg&#8221; title_text=&#8221;hubble1&#8243; align=&#8221;center&#8221; admin_label=&#8221;fghfghfhfhfh&#8221; _builder_version=&#8221;4.27.4&#8243; _module_preset=&#8221;default&#8221; max_width=&#8221;59%&#8221; global_colors_info=&#8221;{}&#8221;][\/et_pb_image][\/et_pb_column][et_pb_column type=&#8221;3_5&#8243; _builder_version=&#8221;4.25.2&#8243; _module_preset=&#8221;default&#8221; global_colors_info=&#8221;{}&#8221;][et_pb_text _builder_version=&#8221;4.27.4&#8243; _module_preset=&#8221;default&#8221; global_colors_info=&#8221;{}&#8221;]<\/p>\n<p><em>Image from Hubble Space Telescope (<\/em><a href=\"https:\/\/www.nasa.gov\/image-article\/dark-matter\/\" target=\"_blank\" rel=\"noopener\"><em>https:\/\/www.nasa.gov\/image-article\/dark-matter\/<\/em><\/a><em>) illustrating one of the key observational evidences of dark matter. Since dark matter is invisible, it is not possible to see it directly, but its gravitational effects can be observed. This false-color image can only be understood by considering the modeled dark matter ring superimposed in diffuse blue explaining the observed gravitational lensing effect. One hypothesis for the formation of this large dark matter ring suggests that it is a transient structure formed during the collision of two galaxy clusters about a billion years ago (<\/em><a href=\"https:\/\/iopscience.iop.org\/article\/10.1086\/517498\/pdf\" target=\"_blank\" rel=\"noopener\"><em>https:\/\/iopscience.iop.org\/article\/10.1086\/517498\/pdf<\/em><\/a><em>).<\/em><\/p>\n<p>[\/et_pb_text][\/et_pb_column][\/et_pb_row][et_pb_row _builder_version=&#8221;4.27.4&#8243; _module_preset=&#8221;default&#8221; global_colors_info=&#8221;{}&#8221;][et_pb_column type=&#8221;4_4&#8243; _builder_version=&#8221;4.27.4&#8243; _module_preset=&#8221;default&#8221; global_colors_info=&#8221;{}&#8221;][et_pb_text _builder_version=&#8221;4.27.4&#8243; _module_preset=&#8221;default&#8221; global_colors_info=&#8221;{}&#8221;]<\/p>\n<p>Many theories beyond the Standard Model of particle physics predict numerous axion-like particles with very low masses and interacting very weakly with ordinary matter. They are also relevent dark matter candidates and have been dubbed ALPs meaning axion-like particles, the term axion being reserved for the particle that solves the strong CP problem. Incidentally, the term axion was proposed by Wilczek in reference to the well-known laundry detergent for &#8220;cleaning the quantum chromodynamics of its major defect.&#8221; Namely, the axion makes it possible to explain the disappearance of the CP violation by the strong interaction observed today, while preserving this symetry violation at the beginning of the universe, which is essential to explain why matter was able to prevail over antimatter, why there is something rather than nothing and therefore ultimately why we are here as &#8220;stardust&#8221;.<\/p>\n<p>Many experiments are searching axion and ALPs, including CAST at CERN for axions\/ALPs produced in the sun, ADMX in the US for axions\/ALPs present in the halo of our galaxy as dark matter and detectable in the laboratory, as well as light shining through wall experiments such as OSQAR at CERN among others. The common feature of all these experiments is the use of intense magnetic fields combined with state-of-the-art detectors looking for the conversion of axions\/ALPs into photons.<\/p>\n<p>The CNRS Grenoble, through its expertise, brings together key skills in the fields of intense magnetic fields, ultra-low temperatures and quantum amplifiers, to build state-of-the-art haloscopes for axion\/ALP search. The GRAHal (Grenoble Axion Haloscopes) project was borned from a collaboration between LNCMI and Institut N\u00e9el as well as LPSC for the theory part.<\/p>\n<p>&nbsp;<\/p>\n<p>More information\u00a0:<\/p>\n<p>&#8211; <a href=\"https:\/\/indico.in2p3.fr\/event\/33124\/contributions\/141966\/\" target=\"_blank\" rel=\"noopener\">https:\/\/indico.in2p3.fr\/event\/33124\/contributions\/141966\/<\/a><\/p>\n<p>&#8211; <a href=\"https:\/\/agenda.infn.it\/event\/40078\/contributions\/240662\/\" target=\"_blank\" rel=\"noopener\">https:\/\/agenda.infn.it\/event\/40078\/contributions\/240662\/<\/a><\/p>\n<p>&#8211; <a href=\"https:\/\/doi.org\/10.3389\/fphy.2024.1358810\" target=\"_blank\" rel=\"noopener\">https:\/\/doi.org\/10.3389\/fphy.2024.1358810<\/a><\/p>\n<p>&#8211; <a href=\"https:\/\/arxiv.org\/abs\/2110.14406\" target=\"_blank\" rel=\"noopener\">https:\/\/arxiv.org\/abs\/2110.14406<\/a><\/p>\n<p style=\"text-align: justify;\">[\/et_pb_text][\/et_pb_column][\/et_pb_row][\/et_pb_section][et_pb_section fb_built=&#8221;1&#8243; module_id=&#8221;personnel&#8221; _builder_version=&#8221;4.27.0&#8243; _module_preset=&#8221;default&#8221; global_colors_info=&#8221;{}&#8221;][et_pb_row _builder_version=&#8221;4.25.2&#8243; _module_preset=&#8221;default&#8221; global_colors_info=&#8221;{}&#8221;][et_pb_column type=&#8221;4_4&#8243; _builder_version=&#8221;4.25.2&#8243; _module_preset=&#8221;default&#8221; global_colors_info=&#8221;{}&#8221;][et_pb_text _builder_version=&#8221;4.27.4&#8243; _module_preset=&#8221;default&#8221; global_colors_info=&#8221;{}&#8221;]<\/p>\n<h3>Research staff<\/h3>\n<p>[\/et_pb_text][et_pb_code _builder_version=&#8221;4.27.0&#8243; _module_preset=&#8221;default&#8221; global_colors_info=&#8221;{}&#8221;]<div class='rt-container-fluid rt-team-container rt-pos-r rt-team-container-11300' id='rt-team-container-4266996148'  data-layout='layout2' data-desktop-col='2'  data-tab-col='2'  data-mobile-col='1' data-sc-id='11300' data-popup-bg=''><div data-title='Loading ...' class='rt-row rt-content-loader layout2 ttp-even ttp-pre-loader'><div class=\"rt-col-md-6 rt-col-sm-6 rt-col-xs-12  even-grid-item rt-grid-item\" data-id=\"17701\"><div class=\"single-team-area\"><div class=\"img-area rt-col-sm-2 rt-col-xs-4 \"><figure><a class=\"\" data-id=\"17701\" target=\"_self\" href=\"https:\/\/lncmi.cnrs.fr\/en\/annuaire\/pugnat-pierre\/\"><img loading=\"lazy\" decoding=\"async\" width=\"480\" height=\"640\" src=\"https:\/\/lncmi.cnrs.fr\/wp-content\/uploads\/2024\/09\/pierre_pugnat.png\" class=\"img-responsive rt-team-img\" alt=\"PUGNAT Pierre\" \/><\/a><\/figure><\/div><div class=\"rttm-content-area rt-col-sm-10 rt-col-xs-8 \"><h3><span class=\"team-name\"><a class=\"\" data-id=\"17701\" target=\"_self\" title=\"PUGNAT Pierre\" href=\"https:\/\/lncmi.cnrs.fr\/en\/annuaire\/pugnat-pierre\/\">PUGNAT Pierre<\/a><\/span><\/h3><div class=\"contact-info\"><ul><li class=\"tlp-location\"><i class=\"fa fa-map-marker\"><\/i><span class=\"tlp-location\">Grenoble<\/span><\/li><\/ul><\/div><\/div><\/div><\/div><div class=\"rt-loading-overlay\"><\/div><div class=\"rt-loading rt-ball-clip-rotate\"><div><\/div><\/div><\/div><\/div>[\/et_pb_code][\/et_pb_column][\/et_pb_row][\/et_pb_section][et_pb_section fb_built=&#8221;1&#8243; admin_label=&#8221;Publications&#8221; module_id=&#8221;publications&#8221; _builder_version=&#8221;4.27.0&#8243; _module_preset=&#8221;default&#8221; global_colors_info=&#8221;{}&#8221;][et_pb_row _builder_version=&#8221;4.25.2&#8243; _module_preset=&#8221;default&#8221; global_colors_info=&#8221;{}&#8221;][et_pb_column type=&#8221;4_4&#8243; _builder_version=&#8221;4.25.2&#8243; _module_preset=&#8221;default&#8221; global_colors_info=&#8221;{}&#8221;][et_pb_text _builder_version=&#8221;4.25.2&#8243; _module_preset=&#8221;default&#8221; global_colors_info=&#8221;{}&#8221;]<\/p>\n<h3>Publications<\/h3>\n<p>[\/et_pb_text][et_pb_toggle title=&#8221;All publications (HAL server)&#8221; _builder_version=&#8221;4.27.4&#8243; _module_preset=&#8221;default&#8221; global_colors_info=&#8221;{}&#8221;]<\/p>\n<p><span><div class=\"wp-rss-template-container\" data-wpra-template=\"default\" data-template-ctx=\"eyJzb3VyY2VzIjoiOTQzMiJ9\">\n    <div class=\"wp-rss-aggregator wpra-list-template  \" data-page=\"1\">\n    \n    \n<ul class=\"wpra-item-list rss-aggregator wpra-item-list--bullets wpra-item-list--default\"\n    start=\"1\">\n                        <li class=\"wpra-item feed-item \">\n            \n            \n\n    <a  href=\"https:\/\/hal.science\/hal-05537145v1\" target=\"_blank\" rel=\"nofollow\" class=\"\">[hal-05537145] Liquid He tuning of dark matter axion haloscopes<\/a>\n\n\n\n\n\n\n<div class=\"wprss-feed-meta\">\n    \n            <span class=\"feed-date\">\n            Published on Hal on 2026-03-04\n        <\/span>\n    \n    <\/div>\n\n\n\n\n\n            \n        <\/li>\n                    <li class=\"wpra-item feed-item \">\n            \n            \n\n    <a  href=\"https:\/\/hal.science\/hal-04832914v1\" target=\"_blank\" rel=\"nofollow\" class=\"\">[hal-04832914] 43+T Grenoble Hybrid Magnet: From Final Assembly to Commissioning of the Superconducting Outsert<\/a>\n\n\n\n\n\n\n<div class=\"wprss-feed-meta\">\n    \n            <span class=\"feed-date\">\n            Published on Hal on 2024-12-12\n        <\/span>\n    \n    <\/div>\n\n\n\n\n\n            \n        <\/li>\n                    <li class=\"wpra-item feed-item \">\n            \n            \n\n    <a  href=\"https:\/\/hal.science\/hal-04832768v1\" target=\"_blank\" rel=\"nofollow\" class=\"\">[hal-04832768] From Manufacture to Assembly of the 43 T Grenoble Hybrid Magnet<\/a>\n\n\n\n\n\n\n<div class=\"wprss-feed-meta\">\n    \n            <span class=\"feed-date\">\n            Published on Hal on 2024-12-12\n        <\/span>\n    \n    <\/div>\n\n\n\n\n\n            \n        <\/li>\n                    <li class=\"wpra-item feed-item \">\n            \n            \n\n    <a  href=\"https:\/\/hal.science\/hal-04832673v1\" target=\"_blank\" rel=\"nofollow\" class=\"\">[hal-04832673] Conceptual Design Optimization of a 60 T Hybrid Magnet<\/a>\n\n\n\n\n\n\n<div class=\"wprss-feed-meta\">\n    \n            <span class=\"feed-date\">\n            Published on Hal on 2024-12-12\n        <\/span>\n    \n    <\/div>\n\n\n\n\n\n            \n        <\/li>\n                    <li class=\"wpra-item feed-item \">\n            \n            \n\n    <a  href=\"https:\/\/hal.science\/hal-04558635\" target=\"_blank\" rel=\"nofollow\" class=\"\">[hal-04558635] GrAHal-CAPP for axion dark matter search with unprecedented sensitivity in the 1\u20133 $mu$eV mass range<\/a>\n\n\n\n\n\n\n<div class=\"wprss-feed-meta\">\n    \n            <span class=\"feed-date\">\n            Published on Hal on 2024-06-26\n        <\/span>\n    \n    <\/div>\n\n\n\n\n\n            \n        <\/li>\n                    <li class=\"wpra-item feed-item \">\n            \n            \n\n    <a  href=\"https:\/\/hal.science\/hal-04558635v1\" target=\"_blank\" rel=\"nofollow\" class=\"\">[hal-04558635] GrAHal-CAPP for axion dark matter search with unprecedented sensitivity in the 1\u20133 $mu$eV mass range<\/a>\n\n\n\n\n\n\n<div class=\"wprss-feed-meta\">\n    \n            <span class=\"feed-date\">\n            Published on Hal on 2024-06-26\n        <\/span>\n    \n    <\/div>\n\n\n\n\n\n            \n        <\/li>\n                    <li class=\"wpra-item feed-item \">\n            \n            \n\n    <a  href=\"https:\/\/hal.science\/hal-01763447\" target=\"_blank\" rel=\"nofollow\" class=\"\">[hal-01763447] High magnetic fields for fundamental physics<\/a>\n\n\n\n\n\n\n<div class=\"wprss-feed-meta\">\n    \n            <span class=\"feed-date\">\n            Published on Hal on 2024-05-27\n        <\/span>\n    \n    <\/div>\n\n\n\n\n\n            \n        <\/li>\n                    <li class=\"wpra-item feed-item \">\n            \n            \n\n    <a  href=\"https:\/\/hal.science\/hal-03419781\" target=\"_blank\" rel=\"nofollow\" class=\"\">[hal-03419781] The Grenoble Axion Haloscope platform (GrAHal): development plan and first results<\/a>\n\n\n\n\n\n\n<div class=\"wprss-feed-meta\">\n    \n            <span class=\"feed-date\">\n            Published on Hal on 2021-11-08\n        <\/span>\n    \n    <\/div>\n\n\n\n\n\n            \n        <\/li>\n                    <li class=\"wpra-item feed-item \">\n            \n            \n\n    <a  href=\"https:\/\/hal.science\/hal-03419781v1\" target=\"_blank\" rel=\"nofollow\" class=\"\">[hal-03419781] The Grenoble Axion Haloscope platform (GrAHal): development plan and first results<\/a>\n\n\n\n\n\n\n<div class=\"wprss-feed-meta\">\n    \n            <span class=\"feed-date\">\n            Published on Hal on 2021-11-08\n        <\/span>\n    \n    <\/div>\n\n\n\n\n\n            \n        <\/li>\n                    <li class=\"wpra-item feed-item \">\n            \n            \n\n    <a  href=\"https:\/\/hal.science\/hal-01991866\" target=\"_blank\" rel=\"nofollow\" class=\"\">[hal-01991866] Latest Results of the OSQAR Photon Regeneration Experiment for Axion-Like Particle Search<\/a>\n\n\n\n\n\n\n<div class=\"wprss-feed-meta\">\n    \n            <span class=\"feed-date\">\n            Published on Hal on 2019-01-24\n        <\/span>\n    \n    <\/div>\n\n\n\n\n\n            \n        <\/li>\n                    <li class=\"wpra-item feed-item \">\n            \n            \n\n    <a  href=\"https:\/\/hal.science\/hal-01991866v1\" target=\"_blank\" rel=\"nofollow\" class=\"\">[hal-01991866] Latest Results of the OSQAR Photon Regeneration Experiment for Axion-Like Particle Search<\/a>\n\n\n\n\n\n\n<div class=\"wprss-feed-meta\">\n    \n            <span class=\"feed-date\">\n            Published on Hal on 2019-01-24\n        <\/span>\n    \n    <\/div>\n\n\n\n\n\n            \n        <\/li>\n                    <li class=\"wpra-item feed-item \">\n            \n            \n\n    <a  href=\"https:\/\/hal.science\/hal-01876084\" target=\"_blank\" rel=\"nofollow\" class=\"\">[hal-01876084] New exclusion limits on scalar and pseudoscalar axionlike particles from light shining through a wall<\/a>\n\n\n\n\n\n\n<div class=\"wprss-feed-meta\">\n    \n            <span class=\"feed-date\">\n            Published on Hal on 2018-09-18\n        <\/span>\n    \n    <\/div>\n\n\n\n\n\n            \n        <\/li>\n                    <li class=\"wpra-item feed-item \">\n            \n            \n\n    <a  href=\"https:\/\/hal.science\/hal-01703732\" target=\"_blank\" rel=\"nofollow\" class=\"\">[hal-01703732] Preliminary Study for a New Axion Dark-Matter Haloscope<\/a>\n\n\n\n\n\n\n<div class=\"wprss-feed-meta\">\n    \n            <span class=\"feed-date\">\n            Published on Hal on 2018-02-08\n        <\/span>\n    \n    <\/div>\n\n\n\n\n\n            \n        <\/li>\n                    <li class=\"wpra-item feed-item \">\n            \n            \n\n    <a  href=\"https:\/\/hal.science\/hal-00996489\" target=\"_blank\" rel=\"nofollow\" class=\"\">[hal-00996489] First Results of the Full-Scale OSQAR Photon Regeneration Experiment<\/a>\n\n\n\n\n\n\n<div class=\"wprss-feed-meta\">\n    \n            <span class=\"feed-date\">\n            Published on Hal on 2014-05-26\n        <\/span>\n    \n    <\/div>\n\n\n\n\n\n            \n        <\/li>\n                    <li class=\"wpra-item feed-item \">\n            \n            \n\n    <a  href=\"https:\/\/hal.science\/hal-00996489v1\" target=\"_blank\" rel=\"nofollow\" class=\"\">[hal-00996489] First Results of the Full-Scale OSQAR Photon Regeneration Experiment<\/a>\n\n\n\n\n\n\n<div class=\"wprss-feed-meta\">\n    \n            <span class=\"feed-date\">\n            Published on Hal on 2014-05-26\n        <\/span>\n    \n    <\/div>\n\n\n\n\n\n            \n        <\/li>\n                    <li class=\"wpra-item feed-item \">\n            \n            \n\n    <a  href=\"https:\/\/hal.science\/hal-00963933\" target=\"_blank\" rel=\"nofollow\" class=\"\">[hal-00963933] Axion Search by Laser-based Experiment OSQAR<\/a>\n\n\n\n\n\n\n<div class=\"wprss-feed-meta\">\n    \n            <span class=\"feed-date\">\n            Published on Hal on 2014-03-25\n        <\/span>\n    \n    <\/div>\n\n\n\n\n\n            \n        <\/li>\n                    <li class=\"wpra-item feed-item \">\n            \n            \n\n    <a  href=\"https:\/\/hal.science\/hal-00963933v1\" target=\"_blank\" rel=\"nofollow\" class=\"\">[hal-00963933] Axion Search by Laser-based Experiment OSQAR<\/a>\n\n\n\n\n\n\n<div class=\"wprss-feed-meta\">\n    \n            <span class=\"feed-date\">\n            Published on Hal on 2014-03-25\n        <\/span>\n    \n    <\/div>\n\n\n\n\n\n            \n        <\/li>\n                    <li class=\"wpra-item feed-item \">\n            \n            \n\n    <a  href=\"https:\/\/hal.science\/hal-00963931\" target=\"_blank\" rel=\"nofollow\" class=\"\">[hal-00963931] Progress of the Laser-based Experiment OSQAR<\/a>\n\n\n\n\n\n\n<div class=\"wprss-feed-meta\">\n    \n            <span class=\"feed-date\">\n            Published on Hal on 2014-03-23\n        <\/span>\n    \n    <\/div>\n\n\n\n\n\n            \n        <\/li>\n                    <li class=\"wpra-item feed-item \">\n            \n            \n\n    <a  href=\"https:\/\/hal.science\/hal-00963931v1\" target=\"_blank\" rel=\"nofollow\" class=\"\">[hal-00963931] Progress of the Laser-based Experiment OSQAR<\/a>\n\n\n\n\n\n\n<div class=\"wprss-feed-meta\">\n    \n            <span class=\"feed-date\">\n            Published on Hal on 2014-03-23\n        <\/span>\n    \n    <\/div>\n\n\n\n\n\n            \n        <\/li>\n                    <li class=\"wpra-item feed-item \">\n            \n            \n\n    <a  href=\"https:\/\/hal.science\/hal-00963923\" target=\"_blank\" rel=\"nofollow\" class=\"\">[hal-00963923] Results from the OSQAR photon-regeneration experiment: No light shining through a wall<\/a>\n\n\n\n\n\n\n<div class=\"wprss-feed-meta\">\n    \n            <span class=\"feed-date\">\n            Published on Hal on 2014-03-22\n        <\/span>\n    \n    <\/div>\n\n\n\n\n\n            \n        <\/li>\n                    <li class=\"wpra-item feed-item \">\n            \n            \n\n    <a  href=\"https:\/\/hal.science\/hal-00963923v1\" target=\"_blank\" rel=\"nofollow\" class=\"\">[hal-00963923] Results from the OSQAR photon-regeneration experiment: No light shining through a wall<\/a>\n\n\n\n\n\n\n<div class=\"wprss-feed-meta\">\n    \n            <span class=\"feed-date\">\n            Published on Hal on 2014-03-22\n        <\/span>\n    \n    <\/div>\n\n\n\n\n\n            \n        <\/li>\n                    <li class=\"wpra-item feed-item \">\n            \n            \n\n    <a  href=\"https:\/\/theses.hal.science\/tel-00766215\" target=\"_blank\" rel=\"nofollow\" class=\"\">[tel-00766215] Propagation de photons sous champs magn\u00e9tiques intenses - Etude exp\u00e9rimentale de la bir\u00e9fringence magn\u00e9tique du vide quantique<\/a>\n\n\n\n\n\n\n<div class=\"wprss-feed-meta\">\n    \n            <span class=\"feed-date\">\n            Published on Hal on 2012-12-17\n        <\/span>\n    \n    <\/div>\n\n\n\n\n\n            \n        <\/li>\n                    <li class=\"wpra-item feed-item \">\n            \n            \n\n    <a  href=\"https:\/\/hal.science\/hal-00358434\" target=\"_blank\" rel=\"nofollow\" class=\"\">[hal-00358434] in Axions - Theory, Cosmology and Experimental Searches.<\/a>\n\n\n\n\n\n\n<div class=\"wprss-feed-meta\">\n    \n            <span class=\"feed-date\">\n            Published on Hal on 2009-02-03\n        <\/span>\n    \n    <\/div>\n\n\n\n\n\n            \n        <\/li>\n                    <li class=\"wpra-item feed-item \">\n            \n            \n\n    <a  href=\"https:\/\/hal.science\/hal-00354883\" target=\"_blank\" rel=\"nofollow\" class=\"\">[hal-00354883] in Axions - Theory, Cosmology, and Experimental Searches<\/a>\n\n\n\n\n\n\n<div class=\"wprss-feed-meta\">\n    \n            <span class=\"feed-date\">\n            Published on Hal on 2009-01-21\n        <\/span>\n    \n    <\/div>\n\n\n\n\n\n            \n        <\/li>\n                    <li class=\"wpra-item feed-item \">\n            \n            \n\n    <a  href=\"https:\/\/hal.science\/hal-00311737\" target=\"_blank\" rel=\"nofollow\" class=\"\">[hal-00311737] Search for photon oscillations into massive particles<\/a>\n\n\n\n\n\n\n<div class=\"wprss-feed-meta\">\n    \n            <span class=\"feed-date\">\n            Published on Hal on 2008-08-20\n        <\/span>\n    \n    <\/div>\n\n\n\n\n\n            \n        <\/li>\n        <\/ul>\n\n        \n<\/div>\n\n<\/div>\n<\/span><\/p>\n<p>[\/et_pb_toggle][\/et_pb_column][\/et_pb_row][\/et_pb_section]<\/p>\n","protected":false},"excerpt":{"rendered":"<p>[et_pb_section fb_built=&#8221;1&#8243; fullwidth=&#8221;on&#8221; _builder_version=&#8221;4.25.2&#8243; _module_preset=&#8221;default&#8221; global_colors_info=&#8221;{}&#8221;][et_pb_fullwidth_header title=&#8221;Axions&#8221; text_orientation=&#8221;center&#8221; background_overlay_color=&#8221;rgba(0,0,0,0.2)&#8221; _builder_version=&#8221;4.27.0&#8243; _module_preset=&#8221;default&#8221; background_image=&#8221;https:\/\/lncmi.cnrs.fr\/wp-content\/uploads\/2024\/09\/axions.jpeg&#8221; text_shadow_style=&#8221;preset3&#8243; global_colors_info=&#8221;{}&#8221;][\/et_pb_fullwidth_header][\/et_pb_section][et_pb_section fb_built=&#8221;1&#8243; disabled_on=&#8221;on|off|off&#8221; _builder_version=&#8221;4.26.0&#8243; _module_preset=&#8221;default&#8221; overflow-x=&#8221;auto&#8221; sticky_position=&#8221;top&#8221; overflow-x_tablet=&#8221;auto&#8221; overflow-x_phone=&#8221;auto&#8221; overflow-x_last_edited=&#8221;on|phone&#8221; locked=&#8221;off&#8221; global_colors_info=&#8221;{}&#8221;][et_pb_row column_structure=&#8221;1_3,1_3,1_3&#8243; disabled_on=&#8221;off|off|off&#8221; _builder_version=&#8221;4.26.0&#8243; _module_preset=&#8221;default&#8221; sticky_position=&#8221;top&#8221; [&hellip;]<\/p>\n","protected":false},"author":1,"featured_media":11156,"parent":18216,"menu_order":0,"comment_status":"closed","ping_status":"closed","template":"","meta":{"_et_pb_use_builder":"on","_et_pb_old_content":"","_et_gb_content_width":"","footnotes":""},"folder":[182],"class_list":["post-19382","page","type-page","status-publish","has-post-thumbnail","hentry"],"jetpack_sharing_enabled":true,"_links":{"self":[{"href":"https:\/\/lncmi.cnrs.fr\/en\/wp-json\/wp\/v2\/pages\/19382","targetHints":{"allow":["GET"]}}],"collection":[{"href":"https:\/\/lncmi.cnrs.fr\/en\/wp-json\/wp\/v2\/pages"}],"about":[{"href":"https:\/\/lncmi.cnrs.fr\/en\/wp-json\/wp\/v2\/types\/page"}],"author":[{"embeddable":true,"href":"https:\/\/lncmi.cnrs.fr\/en\/wp-json\/wp\/v2\/users\/1"}],"replies":[{"embeddable":true,"href":"https:\/\/lncmi.cnrs.fr\/en\/wp-json\/wp\/v2\/comments?post=19382"}],"version-history":[{"count":0,"href":"https:\/\/lncmi.cnrs.fr\/en\/wp-json\/wp\/v2\/pages\/19382\/revisions"}],"up":[{"embeddable":true,"href":"https:\/\/lncmi.cnrs.fr\/en\/wp-json\/wp\/v2\/pages\/18216"}],"wp:featuredmedia":[{"embeddable":true,"href":"https:\/\/lncmi.cnrs.fr\/en\/wp-json\/wp\/v2\/media\/11156"}],"wp:attachment":[{"href":"https:\/\/lncmi.cnrs.fr\/en\/wp-json\/wp\/v2\/media?parent=19382"}],"wp:term":[{"taxonomy":"folder","embeddable":true,"href":"https:\/\/lncmi.cnrs.fr\/en\/wp-json\/wp\/v2\/folder?post=19382"}],"curies":[{"name":"wp","href":"https:\/\/api.w.org\/{rel}","templated":true}]}}