{"id":17946,"date":"2025-02-06T15:12:19","date_gmt":"2025-02-06T14:12:19","guid":{"rendered":"https:\/\/lncmi.cnrs.fr\/fixed-term-and-post-doctoral-jobs\/"},"modified":"2026-04-03T11:07:34","modified_gmt":"2026-04-03T09:07:34","slug":"fixed-term-and-post-doctoral-jobs","status":"publish","type":"page","link":"https:\/\/lncmi.cnrs.fr\/en\/fixed-term-and-post-doctoral-jobs\/","title":{"rendered":"Fixed-term and post-doctoral jobs"},"content":{"rendered":"<p>[et_pb_section fb_built=&#8221;1&#8243; _builder_version=&#8221;4.27.5&#8243; _module_preset=&#8221;default&#8221; global_colors_info=&#8221;{}&#8221;][et_pb_row admin_label=&#8221;Line&#8221; _builder_version=&#8221;4.25.1&#8243; _module_preset=&#8221;default&#8221; locked=&#8221;off&#8221; global_colors_info=&#8221;{}&#8221;][et_pb_column type=&#8221;4_4&#8243; _builder_version=&#8221;4.25.1&#8243; _module_preset=&#8221;default&#8221; global_colors_info=&#8221;{}&#8221;][et_pb_text admin_label=&#8221;Texte&#8221; _builder_version=&#8221;4.27.4&#8243; _module_preset=&#8221;default&#8221; global_colors_info=&#8221;{}&#8221;]<\/p>\n<h1>Fixed-term and post-doctoral jobs<\/h1>\n<p>[\/et_pb_text][\/et_pb_column][\/et_pb_row][et_pb_row _builder_version=&#8221;4.27.4&#8243; _module_preset=&#8221;default&#8221; global_colors_info=&#8221;{}&#8221;][et_pb_column type=&#8221;4_4&#8243; _builder_version=&#8221;4.27.4&#8243; _module_preset=&#8221;default&#8221; global_colors_info=&#8221;{}&#8221;][et_pb_text _builder_version=&#8221;4.27.4&#8243; _module_preset=&#8221;default&#8221; global_colors_info=&#8221;{}&#8221;]<\/p>\n<p>Follow employment news on the <a href=\"https:\/\/emploi.cnrs.fr\/\" target=\"_blank\" rel=\"noopener\">CNRS Job Portal<\/a><\/p>\n<p>[\/et_pb_text][\/et_pb_column][\/et_pb_row][et_pb_row column_structure=&#8221;1_2,1_2&#8243; _builder_version=&#8221;4.27.4&#8243; _module_preset=&#8221;default&#8221; global_colors_info=&#8221;{}&#8221;][et_pb_column type=&#8221;1_2&#8243; _builder_version=&#8221;4.27.4&#8243; _module_preset=&#8221;default&#8221; global_colors_info=&#8221;{}&#8221;][ba_card use_icon=&#8221;on&#8221; icon=&#8221;&#xe01d;||divi||400&#8243; title=&#8221;Grenoble&#8221; icon_color=&#8221;#FF6A13&#8243; icon_size=&#8221;60px&#8221; icon_padding=&#8221;0px|0px|10px|0px&#8221; btn_spacing_top=&#8221;20px&#8221; content_alignment=&#8221;center&#8221; content_padding=&#8221;0px|0px|0px|0px|false|false&#8221; icon_bg_color=&#8221;RGBA(255,255,255,0)&#8221; _builder_version=&#8221;4.27.4&#8243; _module_preset=&#8221;default&#8221; title_font=&#8221;|700|||||||&#8221; title_text_color=&#8221;#000000&#8243; title_font_size=&#8221;1.5rem&#8221; custom_button=&#8221;on&#8221; button_text_size=&#8221;1rem&#8221; button_text_color=&#8221;#3979ff&#8221; button_bg_color=&#8221;#ffffff&#8221; button_border_width=&#8221;1px&#8221; button_border_color=&#8221;#3979ff&#8221; button_border_radius=&#8221;50px&#8221; button_font=&#8221;|700|||||||&#8221; button_use_icon=&#8221;off&#8221; custom_padding=&#8221;30px|30px|30px|30px|false|false&#8221; link_option_url=&#8221;#grenoble&#8221; border_radii_card=&#8221;on|9px|9px|9px|9px&#8221; border_color_all_card=&#8221;#000000&#8243; border_style_all_card=&#8221;solid&#8221; border_width_right_card=&#8221;1px&#8221; border_color_all_photo=&#8221;RGBA(255,255,255,0)&#8221; global_colors_info=&#8221;{}&#8221;][\/ba_card][\/et_pb_column][et_pb_column type=&#8221;1_2&#8243; _builder_version=&#8221;4.27.4&#8243; _module_preset=&#8221;default&#8221; global_colors_info=&#8221;{}&#8221;][ba_card use_icon=&#8221;on&#8221; icon=&#8221;&#xe01d;||divi||400&#8243; title=&#8221;Toulouse&#8221; icon_color=&#8221;#FF6A13&#8243; icon_size=&#8221;60px&#8221; icon_padding=&#8221;0px|0px|10px|0px&#8221; btn_spacing_top=&#8221;20px&#8221; content_alignment=&#8221;center&#8221; content_padding=&#8221;0px|0px|0px|0px|false|false&#8221; icon_bg_color=&#8221;RGBA(255,255,255,0)&#8221; _builder_version=&#8221;4.27.4&#8243; _module_preset=&#8221;default&#8221; title_font=&#8221;|700|||||||&#8221; title_text_color=&#8221;#000000&#8243; title_font_size=&#8221;1.5rem&#8221; custom_button=&#8221;on&#8221; button_text_size=&#8221;1rem&#8221; button_text_color=&#8221;#3979ff&#8221; button_bg_color=&#8221;#ffffff&#8221; button_border_width=&#8221;1px&#8221; button_border_color=&#8221;#3979ff&#8221; button_border_radius=&#8221;50px&#8221; button_font=&#8221;|700|||||||&#8221; button_use_icon=&#8221;off&#8221; custom_padding=&#8221;30px|30px|30px|30px|false|false&#8221; link_option_url=&#8221;#toulouse&#8221; border_radii_card=&#8221;on|9px|9px|9px|9px&#8221; border_color_all_card=&#8221;#000000&#8243; border_style_all_card=&#8221;solid&#8221; border_width_right_card=&#8221;1px&#8221; border_color_all_photo=&#8221;RGBA(255,255,255,0)&#8221; global_colors_info=&#8221;{}&#8221;][\/ba_card][\/et_pb_column][\/et_pb_row][et_pb_row module_id=&#8221;grenoble&#8221; _builder_version=&#8221;4.27.4&#8243; _module_preset=&#8221;default&#8221; global_colors_info=&#8221;{}&#8221;][et_pb_column type=&#8221;4_4&#8243; _builder_version=&#8221;4.27.4&#8243; _module_preset=&#8221;default&#8221; global_colors_info=&#8221;{}&#8221;][dsm_text_divider header=&#8221;Grenoble&#8221; _builder_version=&#8221;4.27.4&#8243; _module_preset=&#8221;default&#8221; global_colors_info=&#8221;{}&#8221;][\/dsm_text_divider][\/et_pb_column][\/et_pb_row][et_pb_row _builder_version=&#8221;4.27.4&#8243; _module_preset=&#8221;default&#8221; custom_padding=&#8221;||0px|||&#8221; global_colors_info=&#8221;{}&#8221;][et_pb_column type=&#8221;4_4&#8243; _builder_version=&#8221;4.27.4&#8243; _module_preset=&#8221;default&#8221; global_colors_info=&#8221;{}&#8221;][et_pb_text _builder_version=&#8221;4.27.4&#8243; _module_preset=&#8221;default&#8221; link_option_url_new_window=&#8221;on&#8221; global_colors_info=&#8221;{}&#8221; content__hover_enabled=&#8221;on|desktop&#8221; content__hover=&#8221;<\/p>\n<ul>\n<li>\n<h4><span id=\"%22CphH1TitrePage_LblRefOffre%22\">Assistant ing\u00e9nieur d&#8217;exploitation et maintenance d&#8217;instrument (H\/F) ( <a href=\"\/\/emploi.cnrs.fr\/Offres\/CDD\/UPR3228-ALEGAS-056\/Default.aspx%22\" data-et-target-link=\"%22_blank%22\" rel=\"%22noopener%22\">D\u00e9tails de l&#8217;offre et candidature sur ce lien<\/a><\/span><span>\u00a0)<\/span><\/h4>\n<\/li>\n<\/ul>\n<p>&#8220;]<\/p>\n<ul>\n<li>\n<h4><span id=\"CphH1TitrePage_LblRefOffre\">Assistant instrument operation and maintenance engineer (M\/F) ( <a href=\"https:\/\/emploi.cnrs.fr\/Offres\/CDD\/UPR3228-ALEGAS-056\/Default.aspx\" target=\"_blank\" rel=\"noopener\">Offer details and application on this link<\/a><\/span><span style=\"font-size: 16px\"> )<\/span><\/h4>\n<\/li>\n<\/ul>\n<p>[\/et_pb_text][et_pb_text _builder_version=&#8221;4.27.4&#8243; _module_preset=&#8221;default&#8221; link_option_url_new_window=&#8221;on&#8221; global_colors_info=&#8221;{}&#8221; content__hover_enabled=&#8221;on|hover&#8221; content__hover=&#8221;<\/p>\n<ul>\n<li>\n<h4><span id=\"%22CphH1TitrePage_LblRefOffre%22\">Chercheur post doctoral : \u00e9tats non-ab\u00e9liens dans le graphene (H\/F) (\u00a0<\/span><span><\/span><a href=\"\/\/lncmi.cnrs.fr\/wp-content\/uploads\/2025\/06\/Postdoc-Quantum-transport-LNCMI-Grenoble-July-2025.pdf%22\" data-et-target-link=\"%22_blank%22\" rel=\"%22noopener%22\">Cliquez ici pour voir le PDF<\/a><span> )<\/span><\/h4>\n<\/li>\n<\/ul>\n<p>&#8220;]<\/p>\n<ul>\n<li>\n<h4><span id=\"CphH1TitrePage_LblRefOffre\">Post-doctoral researcher : non-abelian states in graphene (M\/F) ( <\/span><span style=\"font-size: 16px\"><\/span><a href=\"https:\/\/lncmi.cnrs.fr\/wp-content\/uploads\/2025\/06\/Postdoc-Quantum-transport-LNCMI-Grenoble-July-2025.pdf\" target=\"_blank\" rel=\"noopener\" style=\"font-size: 16px\">Click here to see the PDF file <\/a><span style=\"font-size: 16px\">)<\/span><\/h4>\n<\/li>\n<\/ul>\n<p>[\/et_pb_text][\/et_pb_column][\/et_pb_row][et_pb_row module_id=&#8221;toulouse&#8221; _builder_version=&#8221;4.27.4&#8243; _module_preset=&#8221;default&#8221; global_colors_info=&#8221;{}&#8221;][et_pb_column type=&#8221;4_4&#8243; _builder_version=&#8221;4.27.4&#8243; _module_preset=&#8221;default&#8221; global_colors_info=&#8221;{}&#8221;][dsm_text_divider header=&#8221;Toulouse&#8221; _builder_version=&#8221;4.27.4&#8243; _module_preset=&#8221;default&#8221; global_colors_info=&#8221;{}&#8221;][\/dsm_text_divider][\/et_pb_column][\/et_pb_row][et_pb_row _builder_version=&#8221;4.27.4&#8243; _module_preset=&#8221;default&#8221; custom_padding=&#8221;||0px|||&#8221; global_colors_info=&#8221;{}&#8221;][et_pb_column type=&#8221;4_4&#8243; _builder_version=&#8221;4.27.4&#8243; _module_preset=&#8221;default&#8221; global_colors_info=&#8221;{}&#8221;][et_pb_text _builder_version=&#8221;4.27.5&#8243; _module_preset=&#8221;default&#8221; custom_padding=&#8221;0px|||||&#8221; link_option_url=&#8221;https:\/\/emploi.cnrs.fr\/Offres\/CDD\/UPR3228-CATKNO-050\/Default.aspx&#8221; link_option_url_new_window=&#8221;on&#8221; hover_enabled=&#8221;0&#8243; global_colors_info=&#8221;{}&#8221; content__hover_enabled=&#8221;on|desktop&#8221; sticky_enabled=&#8221;0&#8243; content__hover=&#8221;<\/p>\n<ul>\n<li>\n<h4><span id=\"%22CphMain_LblRefOffre%22\">Post-doc pour le projet PEPR-LUMA LUMINESS en r\u00e9sonance paramagn\u00e9tique \u00e9lectronique \u00e9nantios\u00e9lective par ondes progressive. (H\/F)<\/span><\/h4>\n<\/li>\n<\/ul>\n<p>&#8220;]<\/p>\n<ul>\n<li>\n<h4><span id=\"CphMain_LblRefOffre\">Post-doc for the PEPR-LUMA LUMINESS project in enantioselective electron paramagnetic resonance using travelling waves (M\/F) <\/span><\/h4>\n<\/li>\n<\/ul>\n<p>[\/et_pb_text][et_pb_text _builder_version=&#8221;4.27.5&#8243; _module_preset=&#8221;default&#8221; custom_padding=&#8221;0px|||||&#8221; link_option_url=&#8221;https:\/\/emploi.cnrs.fr\/Offres\/CDD\/UPR3228-CATKNO-051\/Default.aspx&#8221; link_option_url_new_window=&#8221;on&#8221; hover_enabled=&#8221;0&#8243; global_colors_info=&#8221;{}&#8221; content__hover_enabled=&#8221;on|desktop&#8221; sticky_enabled=&#8221;0&#8243; content__hover=&#8221;<\/p>\n<ul>\n<li>\n<h4><span id=\"%22CphMain_LblRefOffre%22\">Post-doctorat D\u00e9veloppement de nouvelles sondes d\u2019aimantation pour les champs magn\u00e9tiques puls\u00e9s (H\/F)<\/span><\/h4>\n<\/li>\n<\/ul>\n<p>&#8220;]<\/p>\n<ul>\n<li>\n<h4><span id=\"CphMain_LblRefOffre\">Post-doctorate Development of new magnetization probes for pulsed magnetic fields (M\/F)<\/span><\/h4>\n<\/li>\n<\/ul>\n<p>[\/et_pb_text][\/et_pb_column][\/et_pb_row][\/et_pb_section]<\/p>\n","protected":false},"excerpt":{"rendered":"<p>Fixed-term and post-doctoral jobsFollow employment news on the CNRS Job Portal<div class=\"et_pb_module ba_card ba_card_0\">\n\t\t\t\t\n\t\t\t\t\n\t\t\t\t\n\t\t\t\t\n\t\t\t\t\n\t\t\t\t\n\t\t\t\t<div class=\"et_pb_module_inner\">\n\t\t\t\t\t<div class=\"dtq-module dtq-card dtq-swapped-img-selector dtq-hover--none use-icon-&#8221;on&#8221;\">\n                 <div class=\"dtq-card-icon-wrap\"> \n                <div class=\"dtq-card-icon\">\n                    <i class=\"dtq-et-icon\"><\/i>\n                <\/div>\n            <\/div> <div class=\"dtq-card-content\"><h3 class=\"dtq-card-title\">&#8221;Grenoble&#8221;<\/h3>  <\/div>\n            <\/div>\n\t\t\t\t<\/div>\n\t\t\t<\/div><\/p>\n","protected":false},"author":12,"featured_media":0,"parent":0,"menu_order":0,"comment_status":"closed","ping_status":"closed","template":"","meta":{"_et_pb_use_builder":"on","_et_pb_old_content":"","_et_gb_content_width":"","footnotes":""},"folder":[186],"class_list":["post-17946","page","type-page","status-publish","hentry"],"jetpack_sharing_enabled":true,"_links":{"self":[{"href":"https:\/\/lncmi.cnrs.fr\/en\/wp-json\/wp\/v2\/pages\/17946","targetHints":{"allow":["GET"]}}],"collection":[{"href":"https:\/\/lncmi.cnrs.fr\/en\/wp-json\/wp\/v2\/pages"}],"about":[{"href":"https:\/\/lncmi.cnrs.fr\/en\/wp-json\/wp\/v2\/types\/page"}],"author":[{"embeddable":true,"href":"https:\/\/lncmi.cnrs.fr\/en\/wp-json\/wp\/v2\/users\/12"}],"replies":[{"embeddable":true,"href":"https:\/\/lncmi.cnrs.fr\/en\/wp-json\/wp\/v2\/comments?post=17946"}],"version-history":[{"count":10,"href":"https:\/\/lncmi.cnrs.fr\/en\/wp-json\/wp\/v2\/pages\/17946\/revisions"}],"predecessor-version":[{"id":25739,"href":"https:\/\/lncmi.cnrs.fr\/en\/wp-json\/wp\/v2\/pages\/17946\/revisions\/25739"}],"wp:attachment":[{"href":"https:\/\/lncmi.cnrs.fr\/en\/wp-json\/wp\/v2\/media?parent=17946"}],"wp:term":[{"taxonomy":"folder","embeddable":true,"href":"https:\/\/lncmi.cnrs.fr\/en\/wp-json\/wp\/v2\/folder?post=17946"}],"curies":[{"name":"wp","href":"https:\/\/api.w.org\/{rel}","templated":true}]}}