{"id":17530,"date":"2024-07-05T14:07:37","date_gmt":"2024-07-05T12:07:37","guid":{"rendered":"https:\/\/lncmi.cnrs.fr\/mentions-legales\/"},"modified":"2025-03-19T10:38:49","modified_gmt":"2025-03-19T09:38:49","slug":"mentions-legales","status":"publish","type":"page","link":"https:\/\/lncmi.cnrs.fr\/en\/mentions-legales\/","title":{"rendered":"Legal Notices"},"content":{"rendered":"<p>[et_pb_section fb_built=&#8221;1&#8243; _builder_version=&#8221;4.26.0&#8243; _module_preset=&#8221;default&#8221; global_colors_info=&#8221;{}&#8221;][et_pb_row _builder_version=&#8221;4.26.0&#8243; _module_preset=&#8221;default&#8221; global_colors_info=&#8221;{}&#8221;][et_pb_column type=&#8221;4_4&#8243; _builder_version=&#8221;4.26.0&#8243; _module_preset=&#8221;default&#8221; global_colors_info=&#8221;{}&#8221;][et_pb_text _builder_version=&#8221;4.27.4&#8243; _module_preset=&#8221;default&#8221; hover_enabled=&#8221;0&#8243; global_colors_info=&#8221;{}&#8221; sticky_enabled=&#8221;0&#8243;]<\/p>\n<header class=\"entry-header\">\n<h1 class=\"entry-title\">Legal Notices<\/h1>\n<p>The Laboratoire National des Champs Magn\u00e9tiques Intenses is a National Research Infrastructure, under the auspices of the Centre National de la Recherche Scientifique (UPR3228), under agreement with the Universit\u00e9 Grenoble Alpes, the Universit\u00e9 de Toulouse and the Institut National des Sciences Appliqu\u00e9es de Toulouse.<\/p>\n<p>&nbsp;<\/p>\n<p>Date of publication : &#8230;&#8230;&#8230;&#8230;&#8230;..<\/p>\n<\/header>\n<p>[\/et_pb_text][\/et_pb_column][\/et_pb_row][et_pb_row _builder_version=&#8221;4.27.4&#8243; _module_preset=&#8221;default&#8221; global_colors_info=&#8221;{}&#8221;][et_pb_column type=&#8221;4_4&#8243; _builder_version=&#8221;4.27.4&#8243; _module_preset=&#8221;default&#8221; global_colors_info=&#8221;{}&#8221;][et_pb_text _builder_version=&#8221;4.27.4&#8243; _module_preset=&#8221;default&#8221; global_colors_info=&#8221;{}&#8221;]<\/p>\n<h2>Publisher<\/h2>\n<p><strong>Laboratoire National des Champs Magn\u00e9tiques Intenses \u2013 Grenoble<\/strong><br \/>25, avenue des Martyrs \u2013 BP 166<br \/>38042 Grenoble Cedex 9<br \/><a href=\"mailto:direction@lncmi.cnrs.fr\">direction@lncmi.cnrs.fr <\/a><br \/>04.76.88.10.48<\/p>\n<p><strong>Laboratoire National des Champs Magn\u00e9tiques Intenses \u2013 Toulouse<\/strong><br \/>143, avenue de Rangueil<br \/>31400 Toulouse<br \/><a href=\"mailto:direction@lncmi.cnrs.fr\">direction@lncmi.cnrs.fr<\/a><br \/>05.62.17.28.60<\/p>\n<p><strong>Publication manager<\/strong> : Charles Simon (unit manager)<\/p>\n<p>&nbsp;<\/p>\n<h2>Hosting<\/h2>\n<p>Laboratoire National des Champs Magn\u00e9tiques Intenses \u2013 Grenoble<br \/>25, avenue des Martyrs \u2013 BP 166<br \/>38042 Grenoble Cedex 9<br \/><a href=\"mailto:direction@lncmi.cnrs.fr\">direction@lncmi.cnrs.fr<\/a><br \/>04.76.88.10.48<\/p>\n<p>&nbsp;<\/p>\n<h2>Cr\u00e9dits<\/h2>\n<p>The images used on this site come from a variety of sources: photographers (Denis Morel and Vincent Moncorg\u00e9), in-house creations, royalty-free image banks (Unsplash, Freepik, etc.), and employee contributions. If you own an image and would like it credited or removed, please contact us. <\/p>\n<p>&nbsp;<\/p>\n<h2>Purpose and quality of content<\/h2>\n<p>The content published on this site is intended to provide scientific and institutional information on the activities of the Laboratoire National des Champs Magn\u00e9tiques Intenses (LNCMI). It aims to inform researchers, students and partners about the laboratory&#8217;s progress, promote collaborations and enhance the value of the work carried out. We are committed to ensuring that the information we publish is reliable and up-to-date. Content is designed to be clear, accessible and adapted to different audiences, while respecting the requirements of scientific rigor.   <\/p>\n<p>&nbsp;<\/p>\n<h2 data-start=\"217\" data-end=\"251\"><strong data-start=\"221\" data-end=\"249\">Intellectual property<\/strong><\/h2>\n<p>All content on this site, including but not limited to text, images, logos, graphics, videos and documents, is the exclusive property of Laboratoire National des Champs Magn\u00e9tiques Intenses (LNCMI) or third parties who have authorized its use. Any reproduction, modification, distribution or use, in whole or in part, of these contents without prior authorization is strictly forbidden and constitutes an infringement punishable under articles L.335-2 et seq. of the French Intellectual Property Code. For all requests for use, please contact us at the above address.  <\/p>\n<p>&nbsp;<\/p>\n<h2 data-start=\"104\" data-end=\"142\"><strong data-start=\"108\" data-end=\"140\">Disclaimer of liability<\/strong><\/h2>\n<p>LNCMI cannot be held responsible for any damage, direct or indirect, resulting from the interpretation or use of the information and documents available on this site. To report an error or request a correction, please contact us. <\/p>\n<p>[\/et_pb_text][\/et_pb_column][\/et_pb_row][\/et_pb_section]<\/p>\n","protected":false},"excerpt":{"rendered":"<p>Legal Notices The Laboratoire National des Champs Magn\u00e9tiques Intenses is a National Research Infrastructure, under the auspices of the Centre National de la Recherche Scientifique (UPR3228), under agreement with the [&hellip;]<\/p>\n","protected":false},"author":1,"featured_media":0,"parent":0,"menu_order":0,"comment_status":"closed","ping_status":"closed","template":"","meta":{"_et_pb_use_builder":"on","_et_pb_old_content":"","_et_gb_content_width":"","footnotes":""},"folder":[5554],"class_list":["post-17530","page","type-page","status-publish","hentry"],"jetpack_sharing_enabled":true,"_links":{"self":[{"href":"https:\/\/lncmi.cnrs.fr\/en\/wp-json\/wp\/v2\/pages\/17530","targetHints":{"allow":["GET"]}}],"collection":[{"href":"https:\/\/lncmi.cnrs.fr\/en\/wp-json\/wp\/v2\/pages"}],"about":[{"href":"https:\/\/lncmi.cnrs.fr\/en\/wp-json\/wp\/v2\/types\/page"}],"author":[{"embeddable":true,"href":"https:\/\/lncmi.cnrs.fr\/en\/wp-json\/wp\/v2\/users\/1"}],"replies":[{"embeddable":true,"href":"https:\/\/lncmi.cnrs.fr\/en\/wp-json\/wp\/v2\/comments?post=17530"}],"version-history":[{"count":0,"href":"https:\/\/lncmi.cnrs.fr\/en\/wp-json\/wp\/v2\/pages\/17530\/revisions"}],"wp:attachment":[{"href":"https:\/\/lncmi.cnrs.fr\/en\/wp-json\/wp\/v2\/media?parent=17530"}],"wp:term":[{"taxonomy":"folder","embeddable":true,"href":"https:\/\/lncmi.cnrs.fr\/en\/wp-json\/wp\/v2\/folder?post=17530"}],"curies":[{"name":"wp","href":"https:\/\/api.w.org\/{rel}","templated":true}]}}