{"id":15242,"date":"2025-02-06T16:11:13","date_gmt":"2025-02-06T14:11:13","guid":{"rendered":"https:\/\/lncmi.cnrs.fr\/?page_id=15242"},"modified":"2025-04-14T10:44:59","modified_gmt":"2025-04-14T08:44:59","slug":"pulsed-fields","status":"publish","type":"page","link":"https:\/\/lncmi.cnrs.fr\/en\/pulsed-fields\/","title":{"rendered":"Pulsed fields"},"content":{"rendered":"<p>[et_pb_section fb_built=&#8221;1&#8243; _builder_version=&#8221;4.25.1&#8243; _module_preset=&#8221;default&#8221; global_colors_info=&#8221;{}&#8221;][et_pb_row admin_label=&#8221;Ligne&#8221; _builder_version=&#8221;4.25.1&#8243; _module_preset=&#8221;default&#8221; locked=&#8221;off&#8221; global_colors_info=&#8221;{}&#8221;][et_pb_column type=&#8221;4_4&#8243; _builder_version=&#8221;4.25.1&#8243; _module_preset=&#8221;default&#8221; global_colors_info=&#8221;{}&#8221;][et_pb_text admin_label=&#8221;Texte&#8221; _builder_version=&#8221;4.27.4&#8243; _module_preset=&#8221;default&#8221; global_colors_info=&#8221;{}&#8221;]<\/p>\n<h1><strong>Nondestructive pulsed magnetic fields at LNCMI-Toulouse<br \/><\/strong><\/h1>\n<p>[\/et_pb_text][\/et_pb_column][\/et_pb_row][et_pb_row _builder_version=&#8221;4.27.4&#8243; _module_preset=&#8221;default&#8221; global_colors_info=&#8221;{}&#8221;][et_pb_column type=&#8221;4_4&#8243; _builder_version=&#8221;4.27.4&#8243; _module_preset=&#8221;default&#8221; global_colors_info=&#8221;{}&#8221;][et_pb_text _builder_version=&#8221;4.27.4&#8243; _module_preset=&#8221;default&#8221; global_colors_info=&#8221;{}&#8221;]<\/p>\n<p><strong>Team : J\u00e9r\u00f4me B\u00e9ard, Julien Billette, Tristan Moraine, Thierry Lemaire, Enora No\u00ebl<\/strong><\/p>\n<p>&nbsp;<\/p>\n<p>At LNCMI, magnetic fields are produced by circulating a current in an electromagnet, a coil. It is a winding, generally of cylindrical symmetry, around a hole in which the intensity of the field will be maximum and where the physical measurement will take place. Up to now, a magnetic field whose value exceeds 45 Tesla can only be reached by the use of pulsed electromagnets. Beyond this value, it is no longer possible to extract the heat produced by the Joule effect, it is therefore necessary to circulate the current for a short time. The LNCMI offers on its Toulouse site a variety of pulsed coils adapted to a large number of experimental techniques up to 98.8 T. For information, the world record is 100.75 T established in 2012 by the National High Magnetic Field Laboratory of Los Alamos in the USA.<\/p>\n<p>Non-destructive pulsed magnetic fields are produced by the discharge of capacitor bank in an electromagnet. A current of several tens of thousands of amperes flows in the coil for a time less than one second. The circulation of this strong current allows the production of an intense magnetic field of several tens of Tesla in the center of the coil. The combination of these strong currents and magnetic fields causes mechanical stresses of several gigapascals which must be contained by the materials constituting the winding. Due to these extreme mechanical stresses, the lifetime of the electromagnets, before their failure, is limited to a few hundred pulses.<\/p>\n<p>[\/et_pb_text][\/et_pb_column][\/et_pb_row][et_pb_row column_structure=&#8221;1_2,1_2&#8243; _builder_version=&#8221;4.27.4&#8243; _module_preset=&#8221;default&#8221; global_colors_info=&#8221;{}&#8221;][et_pb_column type=&#8221;1_2&#8243; _builder_version=&#8221;4.27.4&#8243; _module_preset=&#8221;default&#8221; global_colors_info=&#8221;{}&#8221;][ba_card use_icon=&#8221;on&#8221; icon=&#8221;&#xe01d;||divi||400&#8243; title=&#8221; Pulsed generators&#8221; icon_color=&#8221;#FF6A13&#8243; icon_size=&#8221;60px&#8221; icon_padding=&#8221;0px|0px|10px|0px&#8221; btn_spacing_top=&#8221;20px&#8221; content_alignment=&#8221;center&#8221; content_padding=&#8221;0px|0px|0px|0px|false|false&#8221; icon_bg_color=&#8221;RGBA(255,255,255,0)&#8221; _builder_version=&#8221;4.27.4&#8243; _module_preset=&#8221;default&#8221; title_font=&#8221;|700|||||||&#8221; title_text_color=&#8221;#000000&#8243; title_font_size=&#8221;1.5rem&#8221; custom_button=&#8221;on&#8221; button_text_size=&#8221;1rem&#8221; button_text_color=&#8221;#3979ff&#8221; button_bg_color=&#8221;#ffffff&#8221; button_border_width=&#8221;1px&#8221; button_border_color=&#8221;#3979ff&#8221; button_border_radius=&#8221;50px&#8221; button_font=&#8221;|700|||||||&#8221; button_use_icon=&#8221;off&#8221; custom_padding=&#8221;30px|30px|30px|30px|false|false&#8221; link_option_url=&#8221;#pulsed-generators&#8221; border_radii_card=&#8221;on|9px|9px|9px|9px&#8221; border_color_all_card=&#8221;#000000&#8243; border_style_all_card=&#8221;solid&#8221; border_width_right_card=&#8221;1px&#8221; border_color_all_photo=&#8221;RGBA(255,255,255,0)&#8221; global_colors_info=&#8221;{}&#8221;][\/ba_card][\/et_pb_column][et_pb_column type=&#8221;1_2&#8243; _builder_version=&#8221;4.27.4&#8243; _module_preset=&#8221;default&#8221; global_colors_info=&#8221;{}&#8221;][ba_card use_icon=&#8221;on&#8221; icon=&#8221;&#xe01d;||divi||400&#8243; title=&#8221;Pulsed magnets&#8221; icon_color=&#8221;#FF6A13&#8243; icon_size=&#8221;60px&#8221; icon_padding=&#8221;0px|0px|10px|0px&#8221; btn_spacing_top=&#8221;20px&#8221; content_alignment=&#8221;center&#8221; content_padding=&#8221;0px|0px|0px|0px|false|false&#8221; icon_bg_color=&#8221;RGBA(255,255,255,0)&#8221; _builder_version=&#8221;4.27.4&#8243; _module_preset=&#8221;default&#8221; title_font=&#8221;|700|||||||&#8221; title_text_color=&#8221;#000000&#8243; title_font_size=&#8221;1.5rem&#8221; custom_button=&#8221;on&#8221; button_text_size=&#8221;1rem&#8221; button_text_color=&#8221;#3979ff&#8221; button_bg_color=&#8221;#ffffff&#8221; button_border_width=&#8221;1px&#8221; button_border_color=&#8221;#3979ff&#8221; button_border_radius=&#8221;50px&#8221; button_font=&#8221;|700|||||||&#8221; button_use_icon=&#8221;off&#8221; custom_padding=&#8221;30px|30px|30px|30px|false|false&#8221; link_option_url=&#8221;#pulsed-magnets-toulouse&#8221; border_radii_card=&#8221;on|9px|9px|9px|9px&#8221; border_color_all_card=&#8221;#000000&#8243; border_style_all_card=&#8221;solid&#8221; border_width_right_card=&#8221;1px&#8221; border_color_all_photo=&#8221;RGBA(255,255,255,0)&#8221; global_colors_info=&#8221;{}&#8221;][\/ba_card][\/et_pb_column][\/et_pb_row][et_pb_row module_id=&#8221;pulsed-generators&#8221; _builder_version=&#8221;4.27.4&#8243; _module_preset=&#8221;default&#8221; global_colors_info=&#8221;{}&#8221;][et_pb_column type=&#8221;4_4&#8243; _builder_version=&#8221;4.27.4&#8243; _module_preset=&#8221;default&#8221; global_colors_info=&#8221;{}&#8221;][dsm_text_divider header=&#8221;Pulsed generators&#8221; _builder_version=&#8221;4.27.4&#8243; _module_preset=&#8221;default&#8221; global_colors_info=&#8221;{}&#8221;][\/dsm_text_divider][\/et_pb_column][\/et_pb_row][et_pb_row _builder_version=&#8221;4.27.4&#8243; _module_preset=&#8221;default&#8221; global_colors_info=&#8221;{}&#8221;][et_pb_column type=&#8221;4_4&#8243; _builder_version=&#8221;4.27.4&#8243; _module_preset=&#8221;default&#8221; global_colors_info=&#8221;{}&#8221;][et_pb_text _builder_version=&#8221;4.27.4&#8243; _module_preset=&#8221;default&#8221; global_colors_info=&#8221;{}&#8221;]<\/p>\n<p style=\"text-align: justify\">The LNCMI on its Toulouse site has designed and use 5 pulsed generators made up of capacitor banks which can be charged at voltages up to 24 kV. They store an electrical energy of 1 to 21 megajoules and all allow the delivery of currents of several tens of thousands of amperes corresponding to an electrical power of the order of a gigawatt.<\/p>\n<p>[\/et_pb_text][\/et_pb_column][\/et_pb_row][et_pb_row column_structure=&#8221;1_2,1_2&#8243; _builder_version=&#8221;4.27.4&#8243; _module_preset=&#8221;default&#8221; global_colors_info=&#8221;{}&#8221;][et_pb_column type=&#8221;1_2&#8243; _builder_version=&#8221;4.27.4&#8243; _module_preset=&#8221;default&#8221; global_colors_info=&#8221;{}&#8221;][et_pb_image src=&#8221;https:\/\/lncmi.cnrs.fr\/wp-content\/uploads\/2025\/02\/1-generateur-3-MJ-0.jpg&#8221; title_text=&#8221;1 generateur 3 MJ 0&#8243; _builder_version=&#8221;4.27.4&#8243; _module_preset=&#8221;default&#8221; global_colors_info=&#8221;{}&#8221;][\/et_pb_image][\/et_pb_column][et_pb_column type=&#8221;1_2&#8243; _builder_version=&#8221;4.27.4&#8243; _module_preset=&#8221;default&#8221; global_colors_info=&#8221;{}&#8221;][et_pb_text _builder_version=&#8221;4.27.4&#8243; _module_preset=&#8221;default&#8221; global_colors_info=&#8221;{}&#8221;]<\/p>\n<p>3D CAD view of one of the two 3 MJ generators during its design\u2026<\/p>\n<p>[\/et_pb_text][\/et_pb_column][\/et_pb_row][et_pb_row column_structure=&#8221;1_2,1_2&#8243; _builder_version=&#8221;4.27.4&#8243; _module_preset=&#8221;default&#8221; global_colors_info=&#8221;{}&#8221;][et_pb_column type=&#8221;1_2&#8243; _builder_version=&#8221;4.27.4&#8243; _module_preset=&#8221;default&#8221; global_colors_info=&#8221;{}&#8221;][et_pb_text _builder_version=&#8221;4.27.4&#8243; _module_preset=&#8221;default&#8221; global_colors_info=&#8221;{}&#8221;]<\/p>\n<p>\u2026 and its construction. Each one of the three subparts contains one element of the generator (switch, crowbar, dump resistors).<\/p>\n<p>[\/et_pb_text][\/et_pb_column][et_pb_column type=&#8221;1_2&#8243; _builder_version=&#8221;4.27.4&#8243; _module_preset=&#8221;default&#8221; global_colors_info=&#8221;{}&#8221;][et_pb_image src=&#8221;https:\/\/lncmi.cnrs.fr\/wp-content\/uploads\/2025\/02\/2-generateur-3-MJ-1.jpg&#8221; title_text=&#8221;2 generateur 3 MJ 1&#8243; _builder_version=&#8221;4.27.4&#8243; _module_preset=&#8221;default&#8221; global_colors_info=&#8221;{}&#8221;][\/et_pb_image][\/et_pb_column][\/et_pb_row][et_pb_row column_structure=&#8221;1_2,1_2&#8243; _builder_version=&#8221;4.27.4&#8243; _module_preset=&#8221;default&#8221; global_colors_info=&#8221;{}&#8221;][et_pb_column type=&#8221;1_2&#8243; _builder_version=&#8221;4.27.4&#8243; _module_preset=&#8221;default&#8221; global_colors_info=&#8221;{}&#8221;][et_pb_image src=&#8221;https:\/\/lncmi.cnrs.fr\/wp-content\/uploads\/2025\/02\/3-generateur-14-MJ.jpg&#8221; title_text=&#8221;3 generateur 14 MJ&#8221; _builder_version=&#8221;4.27.4&#8243; _module_preset=&#8221;default&#8221; global_colors_info=&#8221;{}&#8221;][\/et_pb_image][\/et_pb_column][et_pb_column type=&#8221;1_2&#8243; _builder_version=&#8221;4.27.4&#8243; _module_preset=&#8221;default&#8221; global_colors_info=&#8221;{}&#8221;][et_pb_text _builder_version=&#8221;4.27.4&#8243; _module_preset=&#8221;default&#8221; global_colors_info=&#8221;{}&#8221;]<\/p>\n<p>Second generation of 14 MJ capacitor bank. Subparts developed for the 3 MJ generators have been duplicated to rationalize construction, maintain and automation. In the same room there is a 1 MJ generator based on the same techniques.<\/p>\n<p>[\/et_pb_text][\/et_pb_column][\/et_pb_row][et_pb_row column_structure=&#8221;1_2,1_2&#8243; _builder_version=&#8221;4.27.4&#8243; _module_preset=&#8221;default&#8221; global_colors_info=&#8221;{}&#8221;][et_pb_column type=&#8221;1_2&#8243; _builder_version=&#8221;4.27.4&#8243; _module_preset=&#8221;default&#8221; global_colors_info=&#8221;{}&#8221;][et_pb_text _builder_version=&#8221;4.27.4&#8243; _module_preset=&#8221;default&#8221; global_colors_info=&#8221;{}&#8221;]<\/p>\n<p>Transportable 1 MJ generator (the three cubes on the left) here in use at the Institut Laue-Langevin in Grenoble. This generator is also used at the European Synchrotron Radiation Facility in Grenoble for experiments combining X-rays and intense pulsed magnetic field. Until 2019 it was used to energize multi-coils magnets.<\/p>\n<p>[\/et_pb_text][\/et_pb_column][et_pb_column type=&#8221;1_2&#8243; _builder_version=&#8221;4.27.4&#8243; _module_preset=&#8221;default&#8221; global_colors_info=&#8221;{}&#8221;][et_pb_image src=&#8221;https:\/\/lncmi.cnrs.fr\/wp-content\/uploads\/2025\/02\/5-generateur-1-MJ-ILL.jpg&#8221; title_text=&#8221;5 generateur 1 MJ ILL&#8221; _builder_version=&#8221;4.27.4&#8243; _module_preset=&#8221;default&#8221; max_width=&#8221;60%&#8221; global_colors_info=&#8221;{}&#8221;][\/et_pb_image][\/et_pb_column][\/et_pb_row][et_pb_row column_structure=&#8221;1_2,1_2&#8243; _builder_version=&#8221;4.27.4&#8243; _module_preset=&#8221;default&#8221; global_colors_info=&#8221;{}&#8221;][et_pb_column type=&#8221;1_2&#8243; _builder_version=&#8221;4.27.4&#8243; _module_preset=&#8221;default&#8221; global_colors_info=&#8221;{}&#8221;][et_pb_image src=&#8221;https:\/\/lncmi.cnrs.fr\/wp-content\/uploads\/2025\/02\/6-aiguillage.jpg&#8221; title_text=&#8221;6 aiguillage&#8221; _builder_version=&#8221;4.27.4&#8243; _module_preset=&#8221;default&#8221; global_colors_info=&#8221;{}&#8221;][\/et_pb_image][\/et_pb_column][et_pb_column type=&#8221;1_2&#8243; _builder_version=&#8221;4.27.4&#8243; _module_preset=&#8221;default&#8221; global_colors_info=&#8221;{}&#8221;][et_pb_text _builder_version=&#8221;4.27.4&#8243; _module_preset=&#8221;default&#8221; global_colors_info=&#8221;{}&#8221;]<\/p>\n<p>Switch room. High voltage\/high current contactors distribute three generators in the 7 measurement sites of the laboratory.<\/p>\n<p>[\/et_pb_text][\/et_pb_column][\/et_pb_row][et_pb_row column_structure=&#8221;1_2,1_2&#8243; _builder_version=&#8221;4.27.4&#8243; _module_preset=&#8221;default&#8221; global_colors_info=&#8221;{}&#8221;][et_pb_column type=&#8221;1_2&#8243; _builder_version=&#8221;4.27.4&#8243; _module_preset=&#8221;default&#8221; global_colors_info=&#8221;{}&#8221;][et_pb_text _builder_version=&#8221;4.27.4&#8243; _module_preset=&#8221;default&#8221; global_colors_info=&#8221;{}&#8221;]<\/p>\n<p>Measurement site. The coil is cooled down to 77 K (-196 \u00b0C) in a liquid nitrogen dewar installed in a pit. The cell is reinforced to resist in case\u00a0of violent coil failure.<\/p>\n<p>[\/et_pb_text][\/et_pb_column][et_pb_column type=&#8221;1_2&#8243; _builder_version=&#8221;4.27.4&#8243; _module_preset=&#8221;default&#8221; global_colors_info=&#8221;{}&#8221;][et_pb_image src=&#8221;https:\/\/lncmi.cnrs.fr\/wp-content\/uploads\/2025\/02\/7-box-de-mesure.jpg&#8221; title_text=&#8221;7 box de mesure&#8221; _builder_version=&#8221;4.27.4&#8243; _module_preset=&#8221;default&#8221; max_width=&#8221;70%&#8221; global_colors_info=&#8221;{}&#8221;][\/et_pb_image][\/et_pb_column][\/et_pb_row][et_pb_row module_id=&#8221;pulsed-magnets-toulouse&#8221; _builder_version=&#8221;4.27.4&#8243; _module_preset=&#8221;default&#8221; global_colors_info=&#8221;{}&#8221;][et_pb_column type=&#8221;4_4&#8243; _builder_version=&#8221;4.27.4&#8243; _module_preset=&#8221;default&#8221; global_colors_info=&#8221;{}&#8221;][dsm_text_divider header=&#8221; Pulsed magnets&#8221; _builder_version=&#8221;4.27.4&#8243; _module_preset=&#8221;default&#8221; global_colors_info=&#8221;{}&#8221;][\/dsm_text_divider][\/et_pb_column][\/et_pb_row][et_pb_row column_structure=&#8221;1_2,1_2&#8243; _builder_version=&#8221;4.27.4&#8243; _module_preset=&#8221;default&#8221; global_colors_info=&#8221;{}&#8221; locked=&#8221;off&#8221;][et_pb_column type=&#8221;1_2&#8243; _builder_version=&#8221;4.27.4&#8243; _module_preset=&#8221;default&#8221; global_colors_info=&#8221;{}&#8221;][et_pb_text _builder_version=&#8221;4.27.4&#8243; _module_preset=&#8221;default&#8221; hover_enabled=&#8221;0&#8243; global_colors_info=&#8221;{}&#8221; sticky_enabled=&#8221;0&#8243;]<\/p>\n<p><span>The LNCMI-Toulouse designs and produces all the non-destructive pulsed magnets used for high-magnetic field experiments.<\/span><\/p>\n<p><span>Temporal profiles of the pulsed magnetic fields generated at the LNCMI-Toulouse. Magnets A, B and C are monolithic, i.e. formed with one coil connected to one generator. Magnets D, E and F are composed of multiple concentric coils. D and F are double coils and F, the \u2018100 T Magnet\u2019, is the first triple coil in the world. It has generated, in February 2017, 98.8 T and this value is the current European record.<\/span><\/p>\n<p>[\/et_pb_text][\/et_pb_column][et_pb_column type=&#8221;1_2&#8243; _builder_version=&#8221;4.27.4&#8243; _module_preset=&#8221;default&#8221; global_colors_info=&#8221;{}&#8221;][et_pb_image src=&#8221;https:\/\/lncmi.cnrs.fr\/wp-content\/uploads\/2025\/04\/10_pulses-1.jpg&#8221; title_text=&#8221;10_pulses&#8221; _builder_version=&#8221;4.27.4&#8243; _module_preset=&#8221;default&#8221; max_width=&#8221;75%&#8221; global_colors_info=&#8221;{}&#8221;][\/et_pb_image][\/et_pb_column][\/et_pb_row][et_pb_row column_structure=&#8221;1_2,1_2&#8243; _builder_version=&#8221;4.27.4&#8243; _module_preset=&#8221;default&#8221; global_colors_info=&#8221;{}&#8221; locked=&#8221;off&#8221;][et_pb_column type=&#8221;1_2&#8243; _builder_version=&#8221;4.27.4&#8243; _module_preset=&#8221;default&#8221; global_colors_info=&#8221;{}&#8221;][et_pb_image src=&#8221;https:\/\/lncmi.cnrs.fr\/wp-content\/uploads\/2025\/04\/11_von_Mises.jpg&#8221; title_text=&#8221;11_von_Mises&#8221; align=&#8221;center&#8221; _builder_version=&#8221;4.27.4&#8243; _module_preset=&#8221;default&#8221; global_colors_info=&#8221;{}&#8221;][\/et_pb_image][\/et_pb_column][et_pb_column type=&#8221;1_2&#8243; _builder_version=&#8221;4.27.4&#8243; _module_preset=&#8221;default&#8221; global_colors_info=&#8221;{}&#8221;][et_pb_text _builder_version=&#8221;4.27.4&#8243; _module_preset=&#8221;default&#8221; hover_enabled=&#8221;0&#8243; global_colors_info=&#8221;{}&#8221; sticky_enabled=&#8221;0&#8243;]<\/p>\n<div id=\"panel-gb2276-67a4c22235ff3-0-0-4\" class=\"so-panel widget widget_sow-editor\" data-index=\"4\">\n<div class=\"so-widget-sow-editor so-widget-sow-editor-base\">\n<div class=\"siteorigin-widget-tinymce textwidget\">\n<p>Modeling of the mechanical behavior of the \u2018100 T magnet\u2019 evaluated at 103 T.<\/p>\n<\/div>\n<\/div>\n<\/div>\n<div id=\"panel-gb2276-67a4c22235ff3-0-0-5\" class=\"so-panel widget widget_sow-image\" data-index=\"5\">\n<div class=\"so-widget-sow-image so-widget-sow-image-default-8b5b6f678277-2276\"><\/div>\n<\/div>\n<p>[\/et_pb_text][\/et_pb_column][\/et_pb_row][et_pb_row column_structure=&#8221;1_2,1_2&#8243; _builder_version=&#8221;4.27.4&#8243; _module_preset=&#8221;default&#8221; global_colors_info=&#8221;{}&#8221; locked=&#8221;off&#8221;][et_pb_column type=&#8221;1_2&#8243; _builder_version=&#8221;4.27.4&#8243; _module_preset=&#8221;default&#8221; global_colors_info=&#8221;{}&#8221;][et_pb_text _builder_version=&#8221;4.27.4&#8243; _module_preset=&#8221;default&#8221; hover_enabled=&#8221;0&#8243; global_colors_info=&#8221;{}&#8221; sticky_enabled=&#8221;0&#8243;]<\/p>\n<div id=\"panel-gb2276-67a4c22235ff3-0-0-4\" class=\"so-panel widget widget_sow-editor\" data-index=\"4\">\n<div class=\"so-widget-sow-editor so-widget-sow-editor-base\">\n<div class=\"siteorigin-widget-tinymce textwidget\">\n<div id=\"panel-gb2276-67a4c22235ff3-0-0-6\" class=\"so-panel widget widget_sow-editor\" data-index=\"6\">\n<div class=\"so-widget-sow-editor so-widget-sow-editor-base\">\n<div class=\"siteorigin-widget-tinymce textwidget\">\n<p>Computer aided design of the \u2018100 T magnet\u2019. It\u2019s constituted of three nested coils energized by three independent generators.<\/p>\n<\/div>\n<\/div>\n<\/div>\n<div id=\"panel-gb2276-67a4c22235ff3-0-0-7\" class=\"so-panel widget widget_sow-image\" data-index=\"7\">\n<div class=\"so-widget-sow-image so-widget-sow-image-default-8b5b6f678277-2276\"><\/div>\n<\/div>\n<\/div>\n<\/div>\n<\/div>\n<div id=\"panel-gb2276-67a4c22235ff3-0-0-5\" class=\"so-panel widget widget_sow-image\" data-index=\"5\">\n<div class=\"so-widget-sow-image so-widget-sow-image-default-8b5b6f678277-2276\"><\/div>\n<\/div>\n<p>[\/et_pb_text][\/et_pb_column][et_pb_column type=&#8221;1_2&#8243; _builder_version=&#8221;4.27.4&#8243; _module_preset=&#8221;default&#8221; global_colors_info=&#8221;{}&#8221;][et_pb_image src=&#8221;https:\/\/lncmi.cnrs.fr\/wp-content\/uploads\/2025\/04\/12_CAO_100T.jpg&#8221; title_text=&#8221;12_CAO_100T&#8221; align=&#8221;center&#8221; _builder_version=&#8221;4.27.4&#8243; _module_preset=&#8221;default&#8221; global_colors_info=&#8221;{}&#8221;][\/et_pb_image][\/et_pb_column][\/et_pb_row][et_pb_row column_structure=&#8221;1_2,1_2&#8243; _builder_version=&#8221;4.27.4&#8243; _module_preset=&#8221;default&#8221; global_colors_info=&#8221;{}&#8221; locked=&#8221;off&#8221;][et_pb_column type=&#8221;1_2&#8243; _builder_version=&#8221;4.27.4&#8243; _module_preset=&#8221;default&#8221; global_colors_info=&#8221;{}&#8221;][et_pb_image src=&#8221;https:\/\/lncmi.cnrs.fr\/wp-content\/uploads\/2025\/04\/13_pieces_meca_100T.jpg&#8221; title_text=&#8221;13_pieces_meca_100T&#8221; align=&#8221;center&#8221; _builder_version=&#8221;4.27.4&#8243; _module_preset=&#8221;default&#8221; global_colors_info=&#8221;{}&#8221;][\/et_pb_image][\/et_pb_column][et_pb_column type=&#8221;1_2&#8243; _builder_version=&#8221;4.27.4&#8243; _module_preset=&#8221;default&#8221; global_colors_info=&#8221;{}&#8221;][et_pb_text _builder_version=&#8221;4.27.4&#8243; _module_preset=&#8221;default&#8221; hover_enabled=&#8221;0&#8243; global_colors_info=&#8221;{}&#8221; sticky_enabled=&#8221;0&#8243;]<\/p>\n<div id=\"panel-gb2276-67a4c22235ff3-0-0-6\" class=\"so-panel widget widget_sow-editor\" data-index=\"6\">\n<div class=\"so-widget-sow-editor so-widget-sow-editor-base\">\n<div class=\"siteorigin-widget-tinymce textwidget\">\n<div id=\"panel-gb2276-67a4c22235ff3-0-0-8\" class=\"so-panel widget widget_sow-editor\" data-index=\"8\">\n<div class=\"so-widget-sow-editor so-widget-sow-editor-base\">\n<div class=\"siteorigin-widget-tinymce textwidget\">\n<p>Mechanical parts in composite materials of the \u2018100 T magnet\u2019 realized in the LNCMI machine shop.<\/p>\n<\/div>\n<\/div>\n<\/div>\n<div id=\"panel-gb2276-67a4c22235ff3-0-0-9\" class=\"so-panel widget widget_sow-image\" data-index=\"9\">\n<div class=\"so-widget-sow-image so-widget-sow-image-default-8b5b6f678277-2276\"><\/div>\n<\/div>\n<\/div>\n<\/div>\n<\/div>\n<div id=\"panel-gb2276-67a4c22235ff3-0-0-7\" class=\"so-panel widget widget_sow-image\" data-index=\"7\">\n<div class=\"so-widget-sow-image so-widget-sow-image-default-8b5b6f678277-2276\"><\/div>\n<\/div>\n<p>[\/et_pb_text][\/et_pb_column][\/et_pb_row][et_pb_row column_structure=&#8221;1_2,1_2&#8243; _builder_version=&#8221;4.27.4&#8243; _module_preset=&#8221;default&#8221; global_colors_info=&#8221;{}&#8221; locked=&#8221;off&#8221;][et_pb_column type=&#8221;1_2&#8243; _builder_version=&#8221;4.27.4&#8243; _module_preset=&#8221;default&#8221; global_colors_info=&#8221;{}&#8221;][et_pb_text _builder_version=&#8221;4.27.4&#8243; _module_preset=&#8221;default&#8221; hover_enabled=&#8221;0&#8243; global_colors_info=&#8221;{}&#8221; sticky_enabled=&#8221;0&#8243;]<\/p>\n<div id=\"panel-gb2276-67a4c22235ff3-0-0-8\" class=\"so-panel widget widget_sow-editor\" data-index=\"8\">\n<div class=\"so-widget-sow-editor so-widget-sow-editor-base\">\n<div class=\"siteorigin-widget-tinymce textwidget\">\n<div id=\"panel-gb2276-67a4c22235ff3-0-0-10\" class=\"so-panel widget widget_sow-editor\" data-index=\"10\">\n<div class=\"so-widget-sow-editor so-widget-sow-editor-base\">\n<div class=\"siteorigin-widget-tinymce textwidget\">\n<p>The three coils of the \u2018100 T magnet\u2019 before their installation in the nitrogen dewar.<\/p>\n<\/div>\n<\/div>\n<\/div>\n<\/div>\n<\/div>\n<\/div>\n<p>[\/et_pb_text][\/et_pb_column][et_pb_column type=&#8221;1_2&#8243; _builder_version=&#8221;4.27.4&#8243; _module_preset=&#8221;default&#8221; global_colors_info=&#8221;{}&#8221;][et_pb_image src=&#8221;https:\/\/lncmi.cnrs.fr\/wp-content\/uploads\/2025\/04\/14_bobine_100T.jpg&#8221; title_text=&#8221;14_bobine_100T&#8221; align=&#8221;center&#8221; _builder_version=&#8221;4.27.4&#8243; _module_preset=&#8221;default&#8221; global_colors_info=&#8221;{}&#8221;][\/et_pb_image][\/et_pb_column][\/et_pb_row][et_pb_row column_structure=&#8221;1_2,1_2&#8243; _builder_version=&#8221;4.27.4&#8243; _module_preset=&#8221;default&#8221; global_colors_info=&#8221;{}&#8221; locked=&#8221;off&#8221;][et_pb_column type=&#8221;1_2&#8243; _builder_version=&#8221;4.27.4&#8243; _module_preset=&#8221;default&#8221; global_colors_info=&#8221;{}&#8221;][et_pb_image src=&#8221;https:\/\/lncmi.cnrs.fr\/wp-content\/uploads\/2025\/04\/15_pulse_100T.jpg&#8221; title_text=&#8221;15_pulse_100T&#8221; align=&#8221;center&#8221; _builder_version=&#8221;4.27.4&#8243; _module_preset=&#8221;default&#8221; global_colors_info=&#8221;{}&#8221;][\/et_pb_image][\/et_pb_column][et_pb_column type=&#8221;1_2&#8243; _builder_version=&#8221;4.27.4&#8243; _module_preset=&#8221;default&#8221; global_colors_info=&#8221;{}&#8221;][et_pb_text _builder_version=&#8221;4.27.4&#8243; _module_preset=&#8221;default&#8221; hover_enabled=&#8221;0&#8243; global_colors_info=&#8221;{}&#8221; sticky_enabled=&#8221;0&#8243;]<\/p>\n<div id=\"main-content\">\n<article id=\"post-15242\" class=\"post-15242 page type-page status-publish hentry\">\n<div class=\"entry-content\">\n<div class=\"et-l et-l--post\">\n<div class=\"et_builder_inner_content et_pb_gutters3\">\n<div class=\"et_pb_section et_pb_section_0 et_section_regular\">\n<div class=\"et_pb_row et_pb_row_12\">\n<div class=\"et_pb_column et_pb_column_4_4 et_pb_column_19  et_pb_css_mix_blend_mode_passthrough et-last-child\">\n<div class=\"et_pb_module et_pb_text et_pb_text_9  et_pb_text_align_left et_pb_bg_layout_light\">\n<div class=\"et_pb_text_inner\">\n<div id=\"pl-gb2276-67a4c22235ff3\" class=\"panel-layout\">\n<div id=\"pg-gb2276-67a4c22235ff3-0\" class=\"panel-grid panel-no-style\">\n<div id=\"pgc-gb2276-67a4c22235ff3-0-0\" class=\"panel-grid-cell\">\n<div id=\"panel-gb2276-67a4c22235ff3-0-0-12\" class=\"so-panel widget widget_sow-editor panel-last-child\" data-index=\"12\">\n<div class=\"so-widget-sow-editor so-widget-sow-editor-base\">\n<div class=\"siteorigin-widget-tinymce textwidget\">\n<p>Temporal profile of the 98.8 T pulse performed in February 2017. This value is the European record of nondestructive pulsed magnetic field.<\/p>\n<\/div>\n<\/div>\n<\/div>\n<\/div>\n<\/div>\n<\/div>\n<\/div>\n<\/div>\n<\/div>\n<\/div>\n<\/div>\n<\/div>\n<\/div>\n<\/div>\n<\/article>\n<\/div>\n<p>[\/et_pb_text][\/et_pb_column][\/et_pb_row][\/et_pb_section]<\/p>\n","protected":false},"excerpt":{"rendered":"<p>Nondestructive pulsed magnetic fields at LNCMI-ToulouseTeam : J\u00e9r\u00f4me B\u00e9ard, Julien Billette, Tristan Moraine, Thierry Lemaire, Enora No\u00ebl &nbsp; At LNCMI, magnetic fields are produced by circulating a current in an [&hellip;]<\/p>\n","protected":false},"author":12,"featured_media":0,"parent":0,"menu_order":0,"comment_status":"closed","ping_status":"closed","template":"","meta":{"_et_pb_use_builder":"on","_et_pb_old_content":"","_et_gb_content_width":"","footnotes":""},"folder":[184],"class_list":["post-15242","page","type-page","status-publish","hentry"],"jetpack_sharing_enabled":true,"_links":{"self":[{"href":"https:\/\/lncmi.cnrs.fr\/en\/wp-json\/wp\/v2\/pages\/15242","targetHints":{"allow":["GET"]}}],"collection":[{"href":"https:\/\/lncmi.cnrs.fr\/en\/wp-json\/wp\/v2\/pages"}],"about":[{"href":"https:\/\/lncmi.cnrs.fr\/en\/wp-json\/wp\/v2\/types\/page"}],"author":[{"embeddable":true,"href":"https:\/\/lncmi.cnrs.fr\/en\/wp-json\/wp\/v2\/users\/12"}],"replies":[{"embeddable":true,"href":"https:\/\/lncmi.cnrs.fr\/en\/wp-json\/wp\/v2\/comments?post=15242"}],"version-history":[{"count":0,"href":"https:\/\/lncmi.cnrs.fr\/en\/wp-json\/wp\/v2\/pages\/15242\/revisions"}],"wp:attachment":[{"href":"https:\/\/lncmi.cnrs.fr\/en\/wp-json\/wp\/v2\/media?parent=15242"}],"wp:term":[{"taxonomy":"folder","embeddable":true,"href":"https:\/\/lncmi.cnrs.fr\/en\/wp-json\/wp\/v2\/folder?post=15242"}],"curies":[{"name":"wp","href":"https:\/\/api.w.org\/{rel}","templated":true}]}}